{"id":1303,"date":"2019-02-24T21:34:28","date_gmt":"2019-02-24T20:34:28","guid":{"rendered":"https:\/\/galeriedeparis.fr\/afcc\/?page_id=1303"},"modified":"2026-03-10T01:19:42","modified_gmt":"2026-03-10T00:19:42","slug":"inscriptions-a-nos-evenements","status":"publish","type":"page","link":"https:\/\/galeriedeparis.fr\/afcc\/?page_id=1303","title":{"rendered":"Inscriptions \u00e0 nos \u00e9v\u00e9nements"},"content":{"rendered":"<h3><strong>Nous publions ici les liens vers les \u00e9v\u00e9nements ouverts aux inscriptions pour les membres et pour les non-membres .<br \/>\nLes liens permettent le paiement en ligne si l\u2019\u00e9v\u00e9nement que vous avez choisi est payant.<br \/>\n<\/strong><\/h3>\n<p>Vous pouvez vous inscrire \u00e0 des cours, stages, cours d&rsquo;essaie de l<a href=\"http:\/\/www.dessinclassique.fr\/dc\/inscription-pour-lannee-2022-2023\/\">&lsquo;\u00c9COLE DE DESSIN CLASSIQUE ICI<\/a><\/p>\n<p>Rejoindre la plateforme <a href=\"https:\/\/frenchpleinairpainters.com\/\" target=\"_blank\" rel=\"noopener\">WWW.French Plein Air Painters<\/a> et avoir acc\u00e8s \u00e0 ses sorties mensuelles et les grands \u00e9v\u00e9nements\u00a0 <a href=\"\/\/www.helloasso.com\/associations\/festival-cultures-croisees\/evenements\/adhesion-a-la-plateforme-frenchplein-airpainter-com-utilisateur-priviligee\" target=\"_blank\" rel=\"noopener\">abonnement annuel et paiement direct<\/a><\/p>\n<p>&nbsp;<\/p>\n","protected":false},"excerpt":{"rendered":"<p>Nous publions ici les liens vers les \u00e9v\u00e9nements ouverts aux inscriptions pour les membres et pour les non-membres . Les liens permettent le paiement en ligne si l\u2019\u00e9v\u00e9nement que vous avez choisi est payant. Vous pouvez vous inscrire \u00e0 des &hellip; <a href=\"https:\/\/galeriedeparis.fr\/afcc\/?page_id=1303\">Continuer la lecture <span class=\"meta-nav\">&rarr;<\/span><\/a><\/p>\n","protected":false},"author":1,"featured_media":0,"parent":0,"menu_order":0,"comment_status":"closed","ping_status":"closed","template":"","meta":[],"_links":{"self":[{"href":"https:\/\/galeriedeparis.fr\/afcc\/index.php?rest_route=\/wp\/v2\/pages\/1303"}],"collection":[{"href":"https:\/\/galeriedeparis.fr\/afcc\/index.php?rest_route=\/wp\/v2\/pages"}],"about":[{"href":"https:\/\/galeriedeparis.fr\/afcc\/index.php?rest_route=\/wp\/v2\/types\/page"}],"author":[{"embeddable":true,"href":"https:\/\/galeriedeparis.fr\/afcc\/index.php?rest_route=\/wp\/v2\/users\/1"}],"replies":[{"embeddable":true,"href":"https:\/\/galeriedeparis.fr\/afcc\/index.php?rest_route=%2Fwp%2Fv2%2Fcomments&post=1303"}],"version-history":[{"count":21,"href":"https:\/\/galeriedeparis.fr\/afcc\/index.php?rest_route=\/wp\/v2\/pages\/1303\/revisions"}],"predecessor-version":[{"id":2929,"href":"https:\/\/galeriedeparis.fr\/afcc\/index.php?rest_route=\/wp\/v2\/pages\/1303\/revisions\/2929"}],"wp:attachment":[{"href":"https:\/\/galeriedeparis.fr\/afcc\/index.php?rest_route=%2Fwp%2Fv2%2Fmedia&parent=1303"}],"curies":[{"name":"wp","href":"https:\/\/api.w.org\/{rel}","templated":true}]}}