{"id":202,"date":"2015-06-23T20:22:28","date_gmt":"2015-06-23T19:22:28","guid":{"rendered":"http:\/\/galeriedeparis.fr\/afcc\/?page_id=202"},"modified":"2015-06-23T22:16:11","modified_gmt":"2015-06-23T21:16:11","slug":"palmares-2015","status":"publish","type":"page","link":"https:\/\/galeriedeparis.fr\/afcc\/?page_id=202","title":{"rendered":"Palmar\u00e8s 2015 !"},"content":{"rendered":"<h2><span style=\"color: #800080;\">&gt; Grand Prix de Fourges, cat\u00e9gorie \u00abProfessionnel\u00bb<\/span><\/h2>\n<h3>N\u00b0 66\u00a0: Mme Florence Ramier (France, Giverny)<\/h3>\n<h2>\u00a0<span style=\"color: #800080;\">&gt; Grand Prix de Fourges, cat\u00e9gorie \u00abAmateur\u00bb<\/span><\/h2>\n<h3>N\u00b0 83 : Mme Chantal Urien (France, Paris)<\/h3>\n<h2><span style=\"color: #800080;\">&gt; Grand Prix de Fourges, cat\u00e9gorie \u00abJeune\u00bb<\/span><\/h2>\n<h3>N\u00b0 25 : Mme Olga Dronova (Russie, Stavropol)<\/h3>\n<h2><span style=\"color: #800080;\">\u00a0&gt; Prix sp\u00e9cial Paysage Fran\u00e7ais, M\u00e9daille d\u2019honneur<\/span><\/h2>\n<h3>N\u00b0 30 : M. FENGJUN Ao (Chine, P\u00e9kin)<\/h3>\n<h2><span style=\"color: #800080;\">&gt; Grand Prix du Groupe Les Escales :<br \/>\n4 nuits pour 2 personnes, petits d\u00e9jeuners compris,<br \/>\ndans l\u2019un des h\u00f4tels du groupe.<\/span><\/h2>\n<h3>N\u00b0 28 : M. Akim Elman (France \/ Alg\u00e9rie)<\/h3>\n<h2><span style=\"color: #800080;\">\u00a0&gt; Prix de l\u2019H\u00f4tel Les Jardins d\u2019Epicure :<br \/>\n2 nuit\u00e9es d\u2019h\u00f4tel, petit d\u00e9jeuner et un diner pour 2 valables 1 an.<\/span><\/h2>\n<h3>N\u00b0 57 : Alexandra NEDZVETCKAIA (Russie, Saint-P\u00e9tersbourg)<\/h3>\n<h2><span style=\"color: #800080;\">\u00a0&gt; Prix Univers des Arts :<br \/>\npr\u00e9sentation interview dans un num\u00e9ro.<\/span><\/h2>\n<h3>N\u00b0 80 : Mme Yulia TERPUGOVA (Russie, Saint-P\u00e9tersbourg)<\/h3>\n<h2><span style=\"color: #800080;\">&gt; Prix du Mus\u00e9e de Moguilev : s\u00e9jour pour peindre en plein air dans la ville de Moguilev (r\u00e9publique B\u00e9larus) et exposition au Mus\u00e9e (au d\u00e9part d\u2019une capitale europ\u00e9enne).<\/span><\/h2>\n<h3>N\u00b0 42 : Nikolai KOJOUKHOVSKI (France, Nice)<\/h3>\n<h2><span style=\"color: #993366;\">\u00a0&gt; Prix sp\u00e9cial \u00ab Pastel \u00bb avec la commune de Bus-Saint-R\u00e9my : prix de 70 euros.<\/span><\/h2>\n<h3>N\u00b0 58 : Mme Olga OSNACH (Russie, Moscou)<\/h3>\n<h2><span style=\"color: #993366;\">&gt; Prix sp\u00e9cial \u00ab Aquarelle \u00bb avec la Commune d\u2019Ecos : <\/span><br \/>\n<span style=\"color: #993366;\">prix de 70 euros.<\/span><\/h2>\n<h3>N\u00b0 31 : Mme Anna FILIPPOVA (Russie, R\u00e9gion de Moscou)<\/h3>\n<h2><span style=\"color: #993366;\">&gt; Prix de la soci\u00e9t\u00e9 TVS (Transport de Val de Seine) : <\/span><br \/>\n<span style=\"color: #993366;\">prix de 300 euros.<\/span><\/h2>\n<h3>N\u00b0 45 : Mme Irina KRAVCHENKO (Ukraine, Vinnica)<\/h3>\n<h2><span style=\"color: #993366;\">&gt; Prix de la Banque Cr\u00e9dit Agricole Normandie-Seine :<br \/>\nprix de 200 euros.<\/span><\/h2>\n<h3>N\u00b0 16 : M. Michel CRIBELIER (France,Giverny )<\/h3>\n<h2><span style=\"color: #993366;\">&gt; Prix du G\u00e9ant-des-Beaux-Arts cat\u00e9gorie \u00abProfessionnel\u00bb :<br \/>\nprix de 100 euros.<\/span><\/h2>\n<h3>N\u00b0 1 : Michel ABDOU (France, Rouen)<\/h3>\n<h2><span style=\"color: #993366;\">&gt; Prix du G\u00e9ant-des-Beaux-Arts cat\u00e9gorie \u00abAmateur\u00bb : <\/span><br \/>\n<span style=\"color: #993366;\">prix de 70 euros.<\/span><\/h2>\n<h3>N\u00b0 50 : M. Bernard LUNEL\u00a0\u00a0 ( France St -Marcel<\/h3>\n<h2><span style=\"color: #993366;\">&gt; Prix du G\u00e9ant-des-Beaux-Arts cat\u00e9gorie \u00abJeune\u00bb :<br \/>\nprix de 50 euros.<\/span><\/h2>\n<h3>N\u00b0 25 : Mme Olga Dronova (Russie, Stavropol)<\/h3>\n<h2><span style=\"color: #993366;\">&gt; Prix du Moulin de Fourges :<br \/>\nd\u00e9jeuner ou d\u00eener pour 2 valable 1 an.<\/span><\/h2>\n<h3>N\u00b0 8 : Maurice BEROT (France, Anneville en Saire)<\/h3>\n<h2><span style=\"color: #993366;\">&gt; Prix du Cercle Bateau-Atelier de Vernon<\/span><\/h2>\n<h3>N\u00b0 20 : M. Amadaldin ALTAYEB (Palestine)<\/h3>\n<h2><span style=\"color: #993366;\">&gt; Prix sp\u00e9cial du Centre Culturel Russe : <\/span><br \/>\n<span style=\"color: #993366;\">livre sur les tr\u00e9sors de la Russie.<\/span><\/h2>\n<h3>N\u00b0 62 : M. Richard Plessis (France, For\u00eat la Folie)<\/h3>\n<h2><span style=\"color: #993366;\">&gt; Prix du Pressoir d\u2019Or<\/span><\/h2>\n<h3>N\u00b0 79 : Mme Helena STROO (Pays-Bas, Middelburg)<\/h3>\n<h3><\/h3>\n<h3><\/h3>\n<h2><span style=\"color: #993366;\">&gt; Prix du public &#8211; cat\u00e9gorie professionnelle<\/span><\/h2>\n<h3>N\u00b0 33 : M. Richard Gosselin (France, Rouen)<\/h3>\n<h2><span style=\"color: #993366;\">&gt; Prix du public &#8211; cat\u00e9gorie amateur<\/span><\/h2>\n<h3>N\u00b0 62 : M. Richard Plessis (France, For\u00eat la Folie)<\/h3>\n<h2><span style=\"color: #993366;\">&gt; Prix du public &#8211; cat\u00e9gorie jeune<\/span><\/h2>\n<h3>N\u00b0 25 : Mme Olga Dronova (Russie, Stavropol)<\/h3>\n<h3><\/h3>\n<h3>Tous les laur\u00e9ats re\u00e7oivent un cadeau de l\u2019<a href=\"http:\/\/www.vassilypolenov.com\" target=\"_blank\">Association Vassily Polenov<\/a> :<br \/>\nouvrage sur l\u2019Artiste russe Vassily Polenov, chevalier de la Beaut\u00e9,<br \/>\nartiste ayant s\u00e9journ\u00e9 Veules-les-Roses pendant un an en 1874.<\/h3>\n<h3><\/h3>\n<p><strong>Plus d&rsquo;information sur le site : pages internationales (fran\u00e7ais, anglais, russe, italien) du Concours Grand Format :<\/strong><br \/>\n<a href=\"https:\/\/www.facebook.com\/events\/769859869742142\/\" target=\"_blank\">https:\/\/www.facebook.com\/events\/769859869742142\/<\/a><br \/>\n<a href=\"https:\/\/www.facebook.com\/events\/1437185949834907\/\" target=\"_blank\">https:\/\/www.facebook.com\/events\/1437185949834907\/<\/a><br \/>\n<a href=\"https:\/\/www.facebook.com\/events\/522469361164123\/\" target=\"_blank\">https:\/\/www.facebook.com\/events\/522469361164123\/<\/a><br \/>\n<a href=\"https:\/\/www.facebook.com\/events\/1607136882849993\/\" target=\"_blank\">https:\/\/www.facebook.com\/events\/1607136882849993\/<\/a><\/p>\n<p>&nbsp;<\/p>\n<p>&nbsp;<\/p>\n","protected":false},"excerpt":{"rendered":"<p>&gt; Grand Prix de Fourges, cat\u00e9gorie \u00abProfessionnel\u00bb N\u00b0 66\u00a0: Mme Florence Ramier (France, Giverny) \u00a0&gt; Grand Prix de Fourges, cat\u00e9gorie \u00abAmateur\u00bb N\u00b0 83 : Mme Chantal Urien (France, Paris) &gt; Grand Prix de Fourges, cat\u00e9gorie \u00abJeune\u00bb N\u00b0 25 : Mme &hellip; <a href=\"https:\/\/galeriedeparis.fr\/afcc\/?page_id=202\">Continuer la lecture <span class=\"meta-nav\">&rarr;<\/span><\/a><\/p>\n","protected":false},"author":1,"featured_media":0,"parent":0,"menu_order":0,"comment_status":"closed","ping_status":"open","template":"","meta":[],"_links":{"self":[{"href":"https:\/\/galeriedeparis.fr\/afcc\/index.php?rest_route=\/wp\/v2\/pages\/202"}],"collection":[{"href":"https:\/\/galeriedeparis.fr\/afcc\/index.php?rest_route=\/wp\/v2\/pages"}],"about":[{"href":"https:\/\/galeriedeparis.fr\/afcc\/index.php?rest_route=\/wp\/v2\/types\/page"}],"author":[{"embeddable":true,"href":"https:\/\/galeriedeparis.fr\/afcc\/index.php?rest_route=\/wp\/v2\/users\/1"}],"replies":[{"embeddable":true,"href":"https:\/\/galeriedeparis.fr\/afcc\/index.php?rest_route=%2Fwp%2Fv2%2Fcomments&post=202"}],"version-history":[{"count":11,"href":"https:\/\/galeriedeparis.fr\/afcc\/index.php?rest_route=\/wp\/v2\/pages\/202\/revisions"}],"predecessor-version":[{"id":214,"href":"https:\/\/galeriedeparis.fr\/afcc\/index.php?rest_route=\/wp\/v2\/pages\/202\/revisions\/214"}],"wp:attachment":[{"href":"https:\/\/galeriedeparis.fr\/afcc\/index.php?rest_route=%2Fwp%2Fv2%2Fmedia&parent=202"}],"curies":[{"name":"wp","href":"https:\/\/api.w.org\/{rel}","templated":true}]}}