{"id":2811,"date":"2022-11-30T16:50:00","date_gmt":"2022-11-30T15:50:00","guid":{"rendered":"https:\/\/galeriedeparis.fr\/afcc\/?page_id=2811"},"modified":"2023-02-23T13:13:15","modified_gmt":"2023-02-23T12:13:15","slug":"nos-partenaires","status":"publish","type":"page","link":"https:\/\/galeriedeparis.fr\/afcc\/?page_id=2811","title":{"rendered":"Nos partenaires &#038; Donateurs"},"content":{"rendered":"<p>Nous sommes fi\u00e8rs de vous pr\u00e9senter nos partenaires fid\u00e8les depuis plusieurs ann\u00e9es C&rsquo;est aussi gr\u00e2ce \u00e0 leurs fidelit\u00e9s et amiti\u00e9s qui se sont cr\u00e9\u00e9es au file de nos vignt ans d&rsquo;existance qu&rsquo;on peut continuer nos actions.<\/p>\n<p>Si vous souhaitez nous soutenir nous avons\u00a0 aussi une page pour les partenaires priv\u00e9s qui sont succeptible de recevoir re\u00e7u fiscal en cas de soutient de notre action, pour en savoir plus cliquez<a href=\"https:\/\/galeriedeparis.fr\/afcc\/?p=1252\"> ici la page des dons par des particuliers<\/a><\/p>\n<p>&nbsp;<\/p>\n<p>&nbsp;<\/p>\n<p><a href=\"https:\/\/galeriedeparis.fr\/afcc\/wp-content\/uploads\/2014\/07\/logo_gba_2010_hd.jpg\"><img loading=\"lazy\" class=\"alignnone size-large wp-image-120\" src=\"https:\/\/galeriedeparis.fr\/afcc\/wp-content\/uploads\/2014\/07\/logo_gba_2010_hd-1024x257.jpg\" alt=\"\" width=\"640\" height=\"161\" srcset=\"https:\/\/galeriedeparis.fr\/afcc\/wp-content\/uploads\/2014\/07\/logo_gba_2010_hd-1024x257.jpg 1024w, https:\/\/galeriedeparis.fr\/afcc\/wp-content\/uploads\/2014\/07\/logo_gba_2010_hd-300x75.jpg 300w, https:\/\/galeriedeparis.fr\/afcc\/wp-content\/uploads\/2014\/07\/logo_gba_2010_hd.jpg 1646w\" sizes=\"(max-width: 640px) 100vw, 640px\" \/><\/a><\/p>\n<p><a href=\"https:\/\/galeriedeparis.fr\/afcc\/wp-content\/uploads\/2019\/04\/pressoirdor-logo-du-site.jpg\"><img loading=\"lazy\" class=\"alignnone size-full wp-image-1524\" src=\"https:\/\/galeriedeparis.fr\/afcc\/wp-content\/uploads\/2019\/04\/pressoirdor-logo-du-site.jpg\" alt=\"\" width=\"323\" height=\"104\" srcset=\"https:\/\/galeriedeparis.fr\/afcc\/wp-content\/uploads\/2019\/04\/pressoirdor-logo-du-site.jpg 323w, https:\/\/galeriedeparis.fr\/afcc\/wp-content\/uploads\/2019\/04\/pressoirdor-logo-du-site-300x97.jpg 300w\" sizes=\"(max-width: 323px) 100vw, 323px\" \/> <\/a><a href=\"https:\/\/galeriedeparis.fr\/afcc\/wp-content\/uploads\/2018\/08\/SenneliermodernEcu-FR-Variante1.jpg\"><img loading=\"lazy\" class=\"alignnone size-large wp-image-1186\" src=\"https:\/\/galeriedeparis.fr\/afcc\/wp-content\/uploads\/2018\/08\/SenneliermodernEcu-FR-Variante1-1024x634.jpg\" alt=\"\" width=\"640\" height=\"396\" srcset=\"https:\/\/galeriedeparis.fr\/afcc\/wp-content\/uploads\/2018\/08\/SenneliermodernEcu-FR-Variante1-1024x634.jpg 1024w, https:\/\/galeriedeparis.fr\/afcc\/wp-content\/uploads\/2018\/08\/SenneliermodernEcu-FR-Variante1-300x186.jpg 300w, https:\/\/galeriedeparis.fr\/afcc\/wp-content\/uploads\/2018\/08\/SenneliermodernEcu-FR-Variante1-768x475.jpg 768w\" sizes=\"(max-width: 640px) 100vw, 640px\" \/><\/a><a href=\"https:\/\/galeriedeparis.fr\/afcc\/wp-content\/uploads\/2019\/03\/logo-les-andelys.jpg\"><img loading=\"lazy\" class=\"alignnone size-full wp-image-1491\" src=\"https:\/\/galeriedeparis.fr\/afcc\/wp-content\/uploads\/2019\/03\/logo-les-andelys.jpg\" alt=\"\" width=\"282\" height=\"85\" \/><\/a><\/p>\n<p><a href=\"https:\/\/galeriedeparis.fr\/afcc\/wp-content\/uploads\/2019\/04\/Eure-New-2017.png\"><img loading=\"lazy\" class=\"alignnone size-full wp-image-1613\" src=\"https:\/\/galeriedeparis.fr\/afcc\/wp-content\/uploads\/2019\/04\/Eure-New-2017.png\" alt=\"\" width=\"262\" height=\"116\" \/><\/a><a href=\"https:\/\/galeriedeparis.fr\/afcc\/wp-content\/uploads\/2022\/03\/EcoleDC-logo-2022.jpg\"><img loading=\"lazy\" class=\"alignnone size-large wp-image-2738\" src=\"https:\/\/galeriedeparis.fr\/afcc\/wp-content\/uploads\/2022\/03\/EcoleDC-logo-2022-827x1024.jpg\" alt=\"\" width=\"640\" height=\"792\" srcset=\"https:\/\/galeriedeparis.fr\/afcc\/wp-content\/uploads\/2022\/03\/EcoleDC-logo-2022-827x1024.jpg 827w, https:\/\/galeriedeparis.fr\/afcc\/wp-content\/uploads\/2022\/03\/EcoleDC-logo-2022-242x300.jpg 242w, https:\/\/galeriedeparis.fr\/afcc\/wp-content\/uploads\/2022\/03\/EcoleDC-logo-2022-768x951.jpg 768w, https:\/\/galeriedeparis.fr\/afcc\/wp-content\/uploads\/2022\/03\/EcoleDC-logo-2022.jpg 1168w\" sizes=\"(max-width: 640px) 100vw, 640px\" \/><\/a><\/p>\n<p>&nbsp;<\/p>\n<p><a href=\"https:\/\/galeriedeparis.fr\/afcc\/wp-content\/uploads\/2019\/12\/\u041b\u043e\u0433\u0442\u0438\u043f-\u0420\u0443\u0431\u043b\u0435\u0308\u0444\u0444-\u0447\u0435\u0440.png\"><img loading=\"lazy\" class=\"alignnone size-full wp-image-2049\" src=\"https:\/\/galeriedeparis.fr\/afcc\/wp-content\/uploads\/2019\/12\/\u041b\u043e\u0433\u0442\u0438\u043f-\u0420\u0443\u0431\u043b\u0435\u0308\u0444\u0444-\u0447\u0435\u0440.png\" alt=\"\" width=\"520\" height=\"102\" srcset=\"https:\/\/galeriedeparis.fr\/afcc\/wp-content\/uploads\/2019\/12\/\u041b\u043e\u0433\u0442\u0438\u043f-\u0420\u0443\u0431\u043b\u0435\u0308\u0444\u0444-\u0447\u0435\u0440.png 520w, https:\/\/galeriedeparis.fr\/afcc\/wp-content\/uploads\/2019\/12\/\u041b\u043e\u0433\u0442\u0438\u043f-\u0420\u0443\u0431\u043b\u0435\u0308\u0444\u0444-\u0447\u0435\u0440-300x59.png 300w\" sizes=\"(max-width: 520px) 100vw, 520px\" \/><\/a><\/p>\n","protected":false},"excerpt":{"rendered":"<p>Nous sommes fi\u00e8rs de vous pr\u00e9senter nos partenaires fid\u00e8les depuis plusieurs ann\u00e9es C&rsquo;est aussi gr\u00e2ce \u00e0 leurs fidelit\u00e9s et amiti\u00e9s qui se sont cr\u00e9\u00e9es au file de nos vignt ans d&rsquo;existance qu&rsquo;on peut continuer nos actions. Si vous souhaitez nous &hellip; <a href=\"https:\/\/galeriedeparis.fr\/afcc\/?page_id=2811\">Continuer la lecture <span class=\"meta-nav\">&rarr;<\/span><\/a><\/p>\n","protected":false},"author":2,"featured_media":0,"parent":0,"menu_order":0,"comment_status":"closed","ping_status":"closed","template":"","meta":[],"_links":{"self":[{"href":"https:\/\/galeriedeparis.fr\/afcc\/index.php?rest_route=\/wp\/v2\/pages\/2811"}],"collection":[{"href":"https:\/\/galeriedeparis.fr\/afcc\/index.php?rest_route=\/wp\/v2\/pages"}],"about":[{"href":"https:\/\/galeriedeparis.fr\/afcc\/index.php?rest_route=\/wp\/v2\/types\/page"}],"author":[{"embeddable":true,"href":"https:\/\/galeriedeparis.fr\/afcc\/index.php?rest_route=\/wp\/v2\/users\/2"}],"replies":[{"embeddable":true,"href":"https:\/\/galeriedeparis.fr\/afcc\/index.php?rest_route=%2Fwp%2Fv2%2Fcomments&post=2811"}],"version-history":[{"count":7,"href":"https:\/\/galeriedeparis.fr\/afcc\/index.php?rest_route=\/wp\/v2\/pages\/2811\/revisions"}],"predecessor-version":[{"id":2855,"href":"https:\/\/galeriedeparis.fr\/afcc\/index.php?rest_route=\/wp\/v2\/pages\/2811\/revisions\/2855"}],"wp:attachment":[{"href":"https:\/\/galeriedeparis.fr\/afcc\/index.php?rest_route=%2Fwp%2Fv2%2Fmedia&parent=2811"}],"curies":[{"name":"wp","href":"https:\/\/api.w.org\/{rel}","templated":true}]}}