{"id":540,"date":"2017-02-19T09:46:13","date_gmt":"2017-02-19T08:46:13","guid":{"rendered":"http:\/\/galeriedeparis.fr\/afcc\/?page_id=540"},"modified":"2017-06-21T08:57:20","modified_gmt":"2017-06-21T07:57:20","slug":"2017-1er-festival-international-de-peinture-en-plein-air-dans-le-berceau-de-limpressionnisme","status":"publish","type":"page","link":"https:\/\/galeriedeparis.fr\/afcc\/?page_id=540","title":{"rendered":"Th\u00e8me, Conditions, horaires  du Concours  2017 \/   Terms &#038; Conditions  of  2017 Art competition"},"content":{"rendered":"<h2>En 2017,<\/h2>\n<h2><em><strong>le 1er Festival International de peinture dans le berceau de l\u2019Impressionnisme<\/strong> <\/em>\/<em><strong>5eme<\/strong> Concours <\/em><strong><em>de peinture sur grand format en plein air<\/em><\/strong> prend une nouvelle forme:<br \/>\nIf you want to read more in English- follow this link <a href=\"https:\/\/galeriedeparis.fr\/afcc\/?page_id=547\" target=\"_blank\" rel=\"noopener noreferrer\">https:\/\/galeriedeparis.fr\/afcc\/?page_id=547<\/a><\/h2>\n<p>Organis\u00e9 en 2017 pour la 1\u00e8re fois sur un territoire \u00e9tendu \u00e0 plusieurs communes embl\u00e9matiques du territoire de la <strong>Destination Impressionniste en Normandie<\/strong>, cette manifestation inaugure de nombreuses et importantes nouveaut\u00e9s :<br \/>\nLes spots de peinture sont nombreux et invitent \u00e0 un v\u00e9ritable parcours de d\u00e9couverte du Vexin Normand \u2013 haut lieu du patrimoine Impressionniste. Pour l&rsquo;\u00e9dition 2017, il s&rsquo;agit\u00a0 du jardin et de la maison de <a href=\"http:\/\/vernon-visite.org\/rf3\/bonnard2.shtml\" target=\"_blank\" rel=\"noopener noreferrer\">Pierre Bonnard \u00e0 <strong>Vernon<\/strong><\/a>, et <a href=\"http:\/\/www.lyons-la-foret.fr\/\" target=\"_blank\" rel=\"noopener noreferrer\">du village de <strong>Lyons-la-For\u00eat<\/strong><\/a> avec sa grande halle. Tout pr\u00e8s de Lyons-La-For\u00eat deux lieux priv\u00e9s accueillent les artistes \u00e9galement il s&rsquo;agit de <a href=\"http:\/\/www.abbayefontaineguerard.fr\/\" target=\"_blank\" rel=\"noopener noreferrer\">l&rsquo;Abbaye de Notre Dame de Fontaine-Gu\u00e9rard<\/a> et du <a href=\"http:\/\/www.bonnemare.com\/fr\/\" target=\"_blank\" rel=\"noopener noreferrer\">Ch\u00e2teau de Bonnemare. <\/a><\/p>\n<p><a href=\"https:\/\/galeriedeparis.fr\/afcc\/wp-content\/uploads\/2017\/02\/Plan-Festival-Basse-def.jpg\" target=\"_blank\" rel=\"noopener noreferrer\"><img loading=\"lazy\" class=\"wp-image-669 aligncenter\" src=\"https:\/\/galeriedeparis.fr\/afcc\/wp-content\/uploads\/2017\/02\/Plan-Festival-Basse-def-300x280.jpg\" alt=\"\" width=\"234\" height=\"218\" srcset=\"https:\/\/galeriedeparis.fr\/afcc\/wp-content\/uploads\/2017\/02\/Plan-Festival-Basse-def-300x280.jpg 300w, https:\/\/galeriedeparis.fr\/afcc\/wp-content\/uploads\/2017\/02\/Plan-Festival-Basse-def-768x716.jpg 768w, https:\/\/galeriedeparis.fr\/afcc\/wp-content\/uploads\/2017\/02\/Plan-Festival-Basse-def-1024x955.jpg 1024w, https:\/\/galeriedeparis.fr\/afcc\/wp-content\/uploads\/2017\/02\/Plan-Festival-Basse-def.jpg 1263w\" sizes=\"(max-width: 234px) 100vw, 234px\" \/><\/a><\/p>\n<p style=\"text-align: center;\">Vous pouvez t\u00e9l\u00e9charger <a href=\"https:\/\/galeriedeparis.fr\/afcc\/wp-content\/uploads\/2017\/05\/2017_05_29_Reglement_Festival_AFCC_Aout_2017.pdf\" target=\"_blank\" rel=\"noopener noreferrer\">le r\u00e8glement au 29 Mai 2017\u00a0au format PDF<\/a><\/p>\n<div class=\"page\" title=\"Page 1\">\n<div class=\"layoutArea\">\n<div class=\"column\">\n<h3 style=\"text-align: center;\"><strong>Le th\u00e8me retenu pour cette ann\u00e9e : \u00ab Terre et Air \u00bb<\/strong>,<\/h3>\n<h3 style=\"text-align: center;\"><strong>La p\u00e9riode est r\u00e9solument estivale : du 23 au 27 ao\u00fbt 2017.<\/strong><\/h3>\n<ul>\n<li>Durant 3 jours de travail, du 23 au 25 ao\u00fbt 2017, les artistes s\u2019expriment en plein air sous le regard des visiteurs sur les territoires participants.<\/li>\n<li>Des expositions \u00e9ph\u00e9m\u00e8res auront lieu le 25 ao\u00fbt (Maison de Pierre Bonnard \u00ab\u00a0Ma Roulotte\u00a0\u00bb, Abbaye de Fontaine-Gu\u00e9rard, G\u00eete de la Berverie pour les artistes ayant peint aux Andelys)<\/li>\n<li>Les 26 et 27 ao\u00fbt, une grande exposition publique des \u0153uvres produites r\u00e9unira professionnels et amateurs s\u00e9lectionn\u00e9s \u00e0 Lyons-la-For\u00eat.<\/li>\n<li>Le Jury Professionnel international attribuera une dizaine de prix.<\/li>\n<li>La remise des Prix aura lieu le 26 aout \u00e0 18h dans la salle des f\u00eates de Lyons- la-Foret<\/li>\n<li>Les amateurs d\u2019art pourront assister au cycle de rencontres organis\u00e9es chaque soir avec des noms importants de la peinture de plein air et d\u2019autres genres d\u2019art contemporain venus de diff\u00e9rents pays.<\/li>\n<\/ul>\n<p><strong>Conditions de participation au concours :<\/strong> Le nombre de participants professionnels est limit\u00e9 \u00e0 50. Le nombre d\u2019amateurs et de jeunes n\u2019est pas limit\u00e9.<br \/>\nL\u2019inscription est de 65\u20ac. L\u2019acc\u00e8s du public est gratuit ; son vote permettra de d\u00e9cerner les 3 \u00ab\u00a0prix du public\u00a0\u00bb. Le format de la toile est impos\u00e9 (100 x 100 cm), toutes les techniques sont admises.<br \/>\nLe travail d\u2019apr\u00e8s photo est interdit.<\/p>\n<p><strong>Dates et horaires :<\/strong> le 23 ao\u00fbt de 10h \u00e0 18h ; le 24 ao\u00fbt de 10h \u00e0 18h0; le 25 ao\u00fbt de 10h \u00e0 17h. Exposition-vente\u00a0 \u00e0 Lyons-la-For\u00eat du samedi 26 ao\u00fbt \u00e0 partir de 16 h au dimanche 27 ao\u00fbt \u00e0 18h Remise des prix le samedi 26 ao\u00fbt \u00e0 18h<\/p>\n<p><strong>Contact pour plus d\u2019information :<\/strong> Anna Filimonova, t\u00e9l.\u00a0 33 (0) 6 61 91 23 98<\/p>\n<p>Rejoignez\u00a0 le groupe international du Concours sur facebook pour suivre l&rsquo;actualit\u00e9 <a href=\"https:\/\/www.facebook.com\/groups\/ConcoursGrandFormat\/?fref=ts\" target=\"_blank\" rel=\"noopener noreferrer\">https:\/\/www.facebook.com\/groups\/ConcoursGrandFormat\/?fref=ts<\/a><\/p>\n<p>Partagez l\u2019\u00e9ventement et inviter vos amis :<br \/>\n<a href=\"https:\/\/www.facebook.com\/events\/390563014635432\/\" target=\"_blank\" rel=\"noopener noreferrer\">https:\/\/www.facebook.com\/events\/390563014635432\/<\/a><\/p>\n<p>Jetez un coup d\u2019\u0153il \u00e0 notre <a href=\"https:\/\/galeriedeparis.fr\/afcc\/wp-content\/uploads\/2017\/02\/A-Flyer-19-juin-OK-generalMoyenDef.jpg\" target=\"_blank\" rel=\"noopener noreferrer\">flyer <\/a>et notre <a href=\"https:\/\/galeriedeparis.fr\/afcc\/wp-content\/uploads\/2017\/02\/Plan-Festival-Basse-def.jpg\" target=\"_blank\" rel=\"noopener noreferrer\">map <\/a>!<\/p>\n<p><a href=\"https:\/\/galeriedeparis.fr\/afcc\/wp-content\/uploads\/2017\/02\/A-Flyer-19-juin-OK-generalMoyenDef.jpg\" target=\"_blank\" rel=\"noopener noreferrer\"><img loading=\"lazy\" class=\"wp-image-679 alignleft\" src=\"https:\/\/galeriedeparis.fr\/afcc\/wp-content\/uploads\/2017\/02\/A-Flyer-19-juin-OK-generalMoyenDef-215x300.jpg\" alt=\"\" width=\"176\" height=\"246\" srcset=\"https:\/\/galeriedeparis.fr\/afcc\/wp-content\/uploads\/2017\/02\/A-Flyer-19-juin-OK-generalMoyenDef-215x300.jpg 215w, https:\/\/galeriedeparis.fr\/afcc\/wp-content\/uploads\/2017\/02\/A-Flyer-19-juin-OK-generalMoyenDef.jpg 447w\" sizes=\"(max-width: 176px) 100vw, 176px\" \/><\/a><\/p>\n<p>Vous avez compris le fonctionnement du Concours 2017 et vous souhaitez participer ?\u00a0 Remplissez le bulletin d&rsquo;inscription ci-dessous !<br \/>\nSi votre candidature\u00a0 est accept\u00e9e, vous recevrez\u00a0 tr\u00e8s vite un lien s\u00e9curis\u00e9 afin de r\u00e9gler\u00a0 les frais de participation par carte bancaire.<\/p>\n<hr \/>\n<p>[gravityform id=\u00a0\u00bb5&Prime; title=\u00a0\u00bbtrue\u00a0\u00bb description=\u00a0\u00bbtrue\u00a0\u00bb]<\/p>\n<\/div>\n<\/div>\n<\/div>\n","protected":false},"excerpt":{"rendered":"<p>En 2017, le 1er Festival International de peinture dans le berceau de l\u2019Impressionnisme \/5eme Concours de peinture sur grand format en plein air prend une nouvelle forme: If you want to read more in English- follow this link https:\/\/galeriedeparis.fr\/afcc\/?page_id=547 Organis\u00e9 &hellip; <a href=\"https:\/\/galeriedeparis.fr\/afcc\/?page_id=540\">Continuer la lecture <span class=\"meta-nav\">&rarr;<\/span><\/a><\/p>\n","protected":false},"author":1,"featured_media":0,"parent":0,"menu_order":0,"comment_status":"closed","ping_status":"closed","template":"","meta":[],"_links":{"self":[{"href":"https:\/\/galeriedeparis.fr\/afcc\/index.php?rest_route=\/wp\/v2\/pages\/540"}],"collection":[{"href":"https:\/\/galeriedeparis.fr\/afcc\/index.php?rest_route=\/wp\/v2\/pages"}],"about":[{"href":"https:\/\/galeriedeparis.fr\/afcc\/index.php?rest_route=\/wp\/v2\/types\/page"}],"author":[{"embeddable":true,"href":"https:\/\/galeriedeparis.fr\/afcc\/index.php?rest_route=\/wp\/v2\/users\/1"}],"replies":[{"embeddable":true,"href":"https:\/\/galeriedeparis.fr\/afcc\/index.php?rest_route=%2Fwp%2Fv2%2Fcomments&post=540"}],"version-history":[{"count":20,"href":"https:\/\/galeriedeparis.fr\/afcc\/index.php?rest_route=\/wp\/v2\/pages\/540\/revisions"}],"predecessor-version":[{"id":681,"href":"https:\/\/galeriedeparis.fr\/afcc\/index.php?rest_route=\/wp\/v2\/pages\/540\/revisions\/681"}],"wp:attachment":[{"href":"https:\/\/galeriedeparis.fr\/afcc\/index.php?rest_route=%2Fwp%2Fv2%2Fmedia&parent=540"}],"curies":[{"name":"wp","href":"https:\/\/api.w.org\/{rel}","templated":true}]}}