{"id":597,"date":"2017-04-22T21:03:22","date_gmt":"2017-04-22T20:03:22","guid":{"rendered":"https:\/\/galeriedeparis.fr\/afcc\/?page_id=597"},"modified":"2024-08-03T19:05:53","modified_gmt":"2024-08-03T18:05:53","slug":"about-association-festival-cultures-croisees","status":"publish","type":"page","link":"https:\/\/galeriedeparis.fr\/afcc\/?page_id=597","title":{"rendered":"Savoir plus sur  l&rsquo;Association \u00ab\u00a0Festival Cultures Crois\u00e9es\u00a0\u00bb"},"content":{"rendered":"<div class=\"page\" title=\"Page 7\">\n<div class=\"layoutArea\">\n<div class=\"column\">\n<p><em><a href=\"https:\/\/galeriedeparis.fr\/afcc\/wp-content\/uploads\/2014\/07\/afcc_logo2008_n_75_h84p.jpg\"><img loading=\"lazy\" class=\" wp-image-86 alignleft\" src=\"https:\/\/galeriedeparis.fr\/afcc\/wp-content\/uploads\/2014\/07\/afcc_logo2008_n_75_h84p.jpg\" alt=\"\" width=\"106\" height=\"121\" \/><\/a><\/em>L\u2019<em> Association <\/em><strong>\u00ab Festival Cultures Crois\u00e9es \u00bb (AFCC<\/strong><em>)\u00a0 est une association loi 1901 d\u00e9clar\u00e9e \u00e0 la Pr\u00e9fecture de Paris sous le n\u00b0 50864662700010.<\/em><\/p>\n<p><em> Fond\u00e9e en 2000 par l\u2019artiste-peintre renomm\u00e9e, d\u2019origine russe, <a href=\"https:\/\/galeriedeparis.fr\/afcc\/?p=57\"><strong>Anna Filimonova<\/strong><\/a>, elle a pour objet de r\u00e9unir, de partager et de faire collaborer ensemble les arts de tous pays et de toutes cultures. <\/em><\/p>\n<p><em><br \/>\nToute notre \u00e9quipe est pr\u00e9sent\u00e9e en bas de cette page.<br \/>\n<\/em>Depuis sa cr\u00e9ation, en 2000, \u00ab\u00a0Festival Cultures Crois\u00e9es\u00a0\u00bb d\u00e9veloppe les rencontres entre artistes issus d&rsquo;horizons diff\u00e9rents, <strong>\u00e0 l\u2019occasion d\u2019expositions de peinture<\/strong> servant de catalyseur aux \u00e9changes et aux dialogues entre les cultures.<\/p>\n<p>De nombreux concerts, rencontres, conf\u00e9rences, voyages culturels et bien sur <strong>expositions<\/strong> ont \u00e9t\u00e9 organis\u00e9s avec des ressortissants de Russie, Ukraine, Bielorussie, Japon, Grande-Bretagne, Autriche, Belgique, Etats-Unis, Gr\u00e8ce, France, Suisse , Georgie, liste non-exhaustive.<\/p>\n<p>Parmi nos nombreuses activit\u00e9s la derni\u00e8re en date est la cr\u00e9ation d&rsquo;une <strong>\u00c9cole de Dessin Classique<\/strong> qui a son propre site d\u00e9di\u00e9. <a href=\"http:\/\/www.dessinclassique.fr\/dc\/page-daccueil\/\" target=\"_blank\" rel=\"noopener\">Ecole de Dessin Classique.<\/a><\/p>\n<p>Nous avons aussi un \u00e9v\u00e9nement-phare qui\u00a0 a lieu tous les \u00e9t\u00e9s bien pr\u00e9sent\u00e9 sur notre plateforme <a href=\"https:\/\/frenchpleinairpainters.com\/\">French Plein Air Painters<\/a><\/p>\n<p>Et maintenant pour nous pr\u00e9senter, nous voudrons partager avec vous un peu d&rsquo;histoire :<\/p>\n<p><strong>En 2003, l\u2019association cr\u00e9e en Russie, un festival \u00ab\u00a0Paris \u00e0 Saint-P\u00e9tersbourg\u00a0\u00bb<\/strong> et obtient \u00e0 cette occasion,<a href=\"https:\/\/www.nouvelobs.com\/monde\/20030530.OBS1567\/saint-petersbourg-fete-son-300eme-anniversaire.html\" target=\"_blank\" rel=\"noopener\"> le <strong>dipl\u00f4me du M\u00e9c\u00e8ne du Tricentenaire de Saint-P\u00e9tersbourg.<\/strong><\/a><br \/>\n<strong>Parmi d\u2019autres \u00e9v\u00e9nements marquants :<\/strong><br \/>\n&#8211; Semaine des Cultures Etrang\u00e8res organis\u00e9e par le Centre Culturel Arm\u00e9nien (Paris 9\u00e8me ) &#8211; 2004 &#8211; \u00ab\u00a0Printemps des po\u00e8tes\u00a0\u00bb avec l\u2019\u00e9dition \u00ab\u00a0Transignum\u00a0\u00bb de Wanda Mihuleac et la Galerie de Paris &#8211; 2005-2007<\/p>\n<p>&#8211;<strong> Concours International sur le Th\u00e8me des fleurs et des Jardins, (Ch\u00e2teau de la Chatonni\u00e8re, Indre et Loire, France)<\/strong><br \/>\nExposition collective <strong>\u00ab\u00a0Paris-Passion d\u2019Artistes\u00a0\u00bb<\/strong> \u00e0 la Mairie du 9\u00e8me &#8211; Paris (2006)<\/p>\n<p>En 2008, l&rsquo;Association organise une importante exposition labellis\u00e9e dans le cadre de la saison culturelle des 150 ans de relations franco-japonaises <strong>\u00ab\u00a0France-Japon \u2013 150 ans du Regard Crois\u00e9, Mathurin M\u00e9heur \u2013Kojiro Akagi\u00a0\u00bb<\/strong>. Une manifestation plac\u00e9e sous le haut patronage de l\u2019Ambassade du Japon, la Mairie du 9e et la Maison de la Bretagne.<br \/>\n<strong>En 2010,<\/strong> \u00ab\u00a0Festival cultures crois\u00e9es\u00a0\u00bb cr\u00e9e deux expositions labellis\u00e9es par<strong> l\u2019Ann\u00e9e \u00ab France-Russie \u00bb,<\/strong> \u00e0<a href=\"http:\/\/art-russe.com\/article1326.html\" target=\"_blank\" rel=\"noopener\"> Paris<\/a> et \u00e0 S\u00e8te.<\/p>\n<p><strong>En 2011, une antenne<\/strong> de l\u2019association s\u2019installe \u00e0 Fourges (Eure) et d\u00e9veloppe des activit\u00e9s artistiques dans la r\u00e9gion <strong>Haute Normandie.<\/strong> Parmi elles, des stages de peinture en plein air attirant des artistes ou d&rsquo;\u00e9tudiants d&rsquo;horizons vari\u00e9s <strong>(\u00e9cole Bridgeview, Fine Arts School de New York ou Art Acad\u00e9mie de Saint-P\u00e9tersbourg).<\/strong><br \/>\n<strong>En 2012,<\/strong> Festival Cultures Crois\u00e9es pr\u00e9sente la <strong>D\u00e9l\u00e9gation Russe aux 17\u00e8mes Rencontres d\u2019Art Contemporain de Calvi en Corse<\/strong> et collabore \u00e0 la mise en place d\u2019une exposition des <strong>3<a href=\"https:\/\/galeriedeparis.fr\/afcc\/?p=51\" target=\"_blank\" rel=\"noopener\">0 ans du Groupe Japonais IMA de Yokohama au Si\u00e8ge de l\u2019UNESCO<\/a><\/strong> \u00e0 Paris .<br \/>\n<strong><br \/>\nDepuis 2013,<\/strong> Festival Cultures Crois\u00e9es organise un <strong><a href=\"https:\/\/fr.wikipedia.org\/wiki\/Concours_international_de_peinture_grand_format_en_Normandie\" target=\"_blank\" rel=\"noopener\">Concours International annuel de Peinture de Plein Air Grand Format<\/a>,<\/strong> au pays des Impressionnistes, pr\u00e8s de Giverny dans le V\u00e9xin Normand, terroir r\u00e9cemment b\u00e9n\u00e9ficiaire d\u2019un contrat de Destination avec l\u2019Etat.<br \/>\nCe Concours attire chaque ann\u00e9e de nombreux peintres, professionnels et amateurs, venus de tous pays et heureux de saisir l\u2019opportunit\u00e9 de peindre la campagne normande et sa lumi\u00e8re.<br \/>\n<strong>Depuis 2017 , ce concours a \u00e9volu\u00e9 en \u00ab Festival International de Peinture en Plein Air et sur grand format, dans le berceau de l\u2019Impressionnisme \u00bb<\/strong>. A travers ces initiatives, l&rsquo;Association confirme sa vocation : favoriser les \u00e9changes interdisciplinaires et internationaux dans le domaine de la Culture et les Arts .<br \/>\nVous pouvez en savoir plus sur nos projets les plus recents et en cours sur\u00a0 <a href=\"https:\/\/galeriedeparis.fr\/afcc\/?cat=22\" target=\"_blank\" rel=\"noopener\">la page des projets divers.<\/a><\/p>\n<h3><\/h3>\n<h3 style=\"text-align: center;\"><strong>Notre \u00e9quipe :<\/strong><\/h3>\n<h3><strong><a href=\"https:\/\/galeriedeparis.fr\/wp3_af\/?author=2\" target=\"_blank\" rel=\"noopener\">Anna Filimonova<\/a> &#8211; Pr\u00e9sidente<br \/>\n<\/strong><\/h3>\n<p><strong><a href=\"https:\/\/galeriedeparis.fr\/afcc\/wp-content\/uploads\/2019\/01\/anna-Nouvel-An-2019\u00a9AFourriere.jpg\"><img loading=\"lazy\" class=\"wp-image-1285 alignleft\" src=\"https:\/\/galeriedeparis.fr\/afcc\/wp-content\/uploads\/2019\/01\/anna-Nouvel-An-2019\u00a9AFourriere-1024x1000.jpg\" alt=\"\" width=\"127\" height=\"124\" srcset=\"https:\/\/galeriedeparis.fr\/afcc\/wp-content\/uploads\/2019\/01\/anna-Nouvel-An-2019\u00a9AFourriere-1024x1000.jpg 1024w, https:\/\/galeriedeparis.fr\/afcc\/wp-content\/uploads\/2019\/01\/anna-Nouvel-An-2019\u00a9AFourriere-300x293.jpg 300w, https:\/\/galeriedeparis.fr\/afcc\/wp-content\/uploads\/2019\/01\/anna-Nouvel-An-2019\u00a9AFourriere-768x750.jpg 768w, https:\/\/galeriedeparis.fr\/afcc\/wp-content\/uploads\/2019\/01\/anna-Nouvel-An-2019\u00a9AFourriere.jpg 1087w\" sizes=\"(max-width: 127px) 100vw, 127px\" \/><\/a><\/strong>Artiste peintre professionnelle originaire de Saint-P\u00e9tersbourg en Russie , form\u00e9e et dipl\u00f4m\u00e9e \u00e0 l\u2019Institut Ilya REPINE ( Acad\u00e9mie des Beaux arts de Russie) , elle est \u00e9galement titulaire d\u2019un DEA de la Philosophie de l\u2019Art \u00e0 l\u2019Universit\u00e9 Paris I Sorbonne.\u00a0 Impliqu\u00e9e depuis 20 ans dans des projets inter et multi-culturels ,\u00a0 elle est passionn\u00e9e par la r\u00e9flexion sur les \u00ab\u00a0cultures crois\u00e9es\u00a0\u00bb .\u00a0 En 1996 , d\u00e9j\u00e0, elle avait organis\u00e9 le Colloque International sur l\u2019 identit\u00e9 culturelle de l\u2019artiste contemporain avec la participation de philosophe Yves Michaud, le Prix Nobel de la litt\u00e9rature Gao <strong><em>Xi<\/em><\/strong><strong><em>ngjian<\/em><\/strong>,\u00a0 Oscar Rabine et beaucoup d\u2019autres acteurs de la vie culturelle internationale. Alliant\u00a0habilement la carri\u00e8re de peintre international et de commissaire d\u2019expositions , elle\u00a0a cr\u00e9\u00e9 et d\u00e9velopp\u00e9 avec succ\u00e8s le Festival International de Peinture de Plein Air sur Grand Format , \u00ab Dans le berceau de l\u2019Impressionnisme\u00a0\u00bb .<\/p>\n<h3><strong>Didier Martin &#8211; <\/strong><strong>Vice-Pr\u00e9sident<br \/>\n<\/strong><\/h3>\n<p><strong><a href=\"https:\/\/galeriedeparis.fr\/afcc\/wp-content\/uploads\/2019\/03\/didier-martin-photo-pour-site.jpg\"><img loading=\"lazy\" class=\"wp-image-1325 alignleft\" src=\"https:\/\/galeriedeparis.fr\/afcc\/wp-content\/uploads\/2019\/03\/didier-martin-photo-pour-site-1024x740.jpg\" alt=\"\" width=\"162\" height=\"117\" srcset=\"https:\/\/galeriedeparis.fr\/afcc\/wp-content\/uploads\/2019\/03\/didier-martin-photo-pour-site-1024x740.jpg 1024w, https:\/\/galeriedeparis.fr\/afcc\/wp-content\/uploads\/2019\/03\/didier-martin-photo-pour-site-300x217.jpg 300w, https:\/\/galeriedeparis.fr\/afcc\/wp-content\/uploads\/2019\/03\/didier-martin-photo-pour-site-768x555.jpg 768w, https:\/\/galeriedeparis.fr\/afcc\/wp-content\/uploads\/2019\/03\/didier-martin-photo-pour-site.jpg 1737w\" sizes=\"(max-width: 162px) 100vw, 162px\" \/><\/a><\/strong>Ancien \u00e9l\u00e8ve d\u2019HEC, il a pass\u00e9 toute sa vie professionnelle dans les m\u00e9tiers de la Banque . Passionn\u00e9 d\u2019impressionnisme et de peinture italienne de la Renaissance , il aime aussi le th\u00e9\u00e2tre , la litt\u00e9rature , l\u2019astronomie et la musique sous toutes ses formes ( Op\u00e9ra , Hard Rock , folklore ga\u00eblique , musique sacr\u00e9e \u2026) . Il est engag\u00e9 par ailleurs tr\u00e8s activement dans le b\u00e9n\u00e9volat , dans le domaine notamment de l\u2019accompagnement financier et du conseil \/mentoring des jeunes cr\u00e9ateurs d\u2019entreprises , ainsi que dans l\u2019aide alimentaire aux plus d\u00e9munis .<\/p>\n<p><strong>Alexandre Jevakhoff &#8211; Vice-Pr\u00e9sident<br \/>\n<\/strong><\/p>\n<p><strong><a href=\"https:\/\/www.youtube.com\/watch?v=Ek-QFgUOIDA\" target=\"_blank\" rel=\"noopener\"><img loading=\"lazy\" class=\"wp-image-1604 alignleft\" src=\"https:\/\/galeriedeparis.fr\/afcc\/wp-content\/uploads\/2019\/05\/jevakhoff.jpg\" alt=\"\" width=\"287\" height=\"219\" srcset=\"https:\/\/galeriedeparis.fr\/afcc\/wp-content\/uploads\/2019\/05\/jevakhoff.jpg 386w, https:\/\/galeriedeparis.fr\/afcc\/wp-content\/uploads\/2019\/05\/jevakhoff-300x229.jpg 300w\" sizes=\"(max-width: 287px) 100vw, 287px\" \/><\/a><br \/>\n<\/strong>Haut-fonctionnaire (HEC, SCIENCES PO, ENA, Inspecteur G\u00e9n\u00e9ral des Finances) et historien fran\u00e7ais,\u00a0 auteur de nombreux ouvrages sur l&rsquo;histoire russe ou encore sur Ataturk, Pr\u00e9sident du Cercle de la Marine imp\u00e9riale russe, membre de l&rsquo;Union de la noblesse russe, marguillier de la cath\u00e9drale Saint- Alexandre Nevsky ( Paris).<\/p>\n<\/div>\n<\/div>\n<p>&nbsp;<\/p>\n<p>&nbsp;<\/p>\n<p><strong>Annick SAIMPERT \u2013 Tr\u00e9sori\u00e8re<\/strong><\/p>\n<p><a href=\"https:\/\/galeriedeparis.fr\/afcc\/wp-content\/uploads\/2019\/03\/Annick.jpg\"><img loading=\"lazy\" class=\"size-full wp-image-1328 alignleft\" src=\"https:\/\/galeriedeparis.fr\/afcc\/wp-content\/uploads\/2019\/03\/Annick.jpg\" alt=\"\" width=\"96\" height=\"127\" \/><\/a>Ancienne \u00e9l\u00e8ve d\u2019HEC, elle a cr\u00e9\u00e9 et dirig\u00e9 son entreprise dans le domaine du conseil en organisation, syst\u00e8mes d\u2019information et gestion de projets. Elle parle russe et s\u2019int\u00e9resse depuis longtemps \u00e0 la Russie. Outre son r\u00f4le de tr\u00e9sori\u00e8re, elle participe aux c\u00f4t\u00e9s d\u2019Anna Filimonova, au d\u00e9veloppement du concept du Festival et a en charge la responsabilit\u00e9 des relations avec les partenaires institutionnels et priv\u00e9s et les m\u00e9c\u00e8nes.<\/p>\n<p><strong>Jean-Luc Masson &#8211;\u00a0 Secr\u00e9taire g\u00e9n\u00e9ral<\/strong><\/p>\n<p><a href=\"https:\/\/galeriedeparis.fr\/afcc\/wp-content\/uploads\/2019\/03\/jlm-photo.jpg\"><img loading=\"lazy\" class=\"wp-image-1331 alignleft\" src=\"https:\/\/galeriedeparis.fr\/afcc\/wp-content\/uploads\/2019\/03\/jlm-photo.jpg\" alt=\"\" width=\"135\" height=\"151\" srcset=\"https:\/\/galeriedeparis.fr\/afcc\/wp-content\/uploads\/2019\/03\/jlm-photo.jpg 574w, https:\/\/galeriedeparis.fr\/afcc\/wp-content\/uploads\/2019\/03\/jlm-photo-269x300.jpg 269w\" sizes=\"(max-width: 135px) 100vw, 135px\" \/><\/a>Jean Luc est cadre dans une entreprise sp\u00e9cialis\u00e9e en conseil d\u2019Outils de communication.\u00a0 Il est impliqu\u00e9 dans de nombreux projets culturels depuis longue date. Il a cr\u00e9\u00e9 en 2004 la \u00ab\u00a0Galerie de Paris\u00a0\u00bb qu\u2019il dirige depuis. Grand voyageur, amoureux de New York et du Japon, il a une bonne connaissance \u00e9galement de la Russie et de sa culture.<\/p>\n<p>&nbsp;<\/p>\n<p id=\"channel-title-container\" class=\"style-scope ytd-c4-tabbed-header-renderer\"><strong><span id=\"channel-title\" class=\"style-scope ytd-c4-tabbed-header-renderer\">Paul dit Pavlik Baron de Bennigsen &#8211; ancien tr\u00e9sorier, membre fondateur.<\/span><\/strong><\/p>\n<p class=\"style-scope ytd-c4-tabbed-header-renderer\">23.03.1944-24.07.2024.<\/p>\n<p class=\"style-scope ytd-c4-tabbed-header-renderer\"><strong>Toute l&rsquo;\u00e9quipe de l&rsquo;association ont l&rsquo;immense douleur de vous faire part du d\u00e9c\u00e8s de Pavlik de Bennigsen le 24.07.2024 \u00e0 l&rsquo;age de 80 ans .<\/strong><\/p>\n<p><a href=\"https:\/\/galeriedeparis.fr\/afcc\/wp-content\/uploads\/2019\/03\/pavlik.jpg\"><img loading=\"lazy\" class=\"alignleft wp-image-1333\" src=\"https:\/\/galeriedeparis.fr\/afcc\/wp-content\/uploads\/2019\/03\/pavlik.jpg\" alt=\"\" width=\"115\" height=\"168\" \/><\/a><\/p>\n<p class=\"style-scope ytd-c4-tabbed-header-renderer\">N\u00e9 \u00e0 Riga en Lettonie,\u00a0 Pavlik est venu en France avec sa fammille \u00e0 l&rsquo;adolescence.\u00a0 Par ses origines Pavlik \u00e9tait un\u00a0 \u00ab\u00a0russe blanc\u00a0\u00bb et par son \u00e2me il \u00e9tait russe tout court, profond\u00e9ment amoureux de la Russie et des russes . Po\u00e8te et musicien franco-russe, il a souvent \u00e9t\u00e9 \u00e0 l&rsquo;origine des amiti\u00e9s franco-russes et des associations.\u00a0 Traducteur technique et ing\u00e9nieur de profession, il a pendant longtemps travaill\u00e9 dans des soci\u00e9t\u00e9s informatiques. Il fut \u00e0 l&rsquo;origine avec Jean-Luc Masson du premier site de l&rsquo;association qui s&rsquo;appellait www.crossline.com on y trouve encore quelques \u00e9v\u00e9nements dans les archives d&rsquo;internet. <a href=\"https:\/\/orur.fr\/news\/pavlik-von-bennigsen\/?fbclid=IwY2xjawEbUJlleHRuA2FlbQIxMAABHVPxrRZqC82YHptZn3pkQyPXpQkDIMQEVnjuPgWhAmraiWmw_DFVo58mww_aem_Qe4fDShbjWZXGFzpibcD_g\" target=\"_blank\" rel=\"noopener\">Pour savoir plus sur Pavlik<\/a><\/p>\n<\/div>\n<p>Nous contacter : +33(0)6 61 91 23 98<\/p>\n","protected":false},"excerpt":{"rendered":"<p>L\u2019 Association \u00ab Festival Cultures Crois\u00e9es \u00bb (AFCC)\u00a0 est une association loi 1901 d\u00e9clar\u00e9e \u00e0 la Pr\u00e9fecture de Paris sous le n\u00b0 50864662700010. Fond\u00e9e en 2000 par l\u2019artiste-peintre renomm\u00e9e, d\u2019origine russe, Anna Filimonova, elle a pour objet de r\u00e9unir, de &hellip; <a href=\"https:\/\/galeriedeparis.fr\/afcc\/?page_id=597\">Continuer la lecture <span class=\"meta-nav\">&rarr;<\/span><\/a><\/p>\n","protected":false},"author":1,"featured_media":0,"parent":0,"menu_order":0,"comment_status":"closed","ping_status":"closed","template":"","meta":[],"_links":{"self":[{"href":"https:\/\/galeriedeparis.fr\/afcc\/index.php?rest_route=\/wp\/v2\/pages\/597"}],"collection":[{"href":"https:\/\/galeriedeparis.fr\/afcc\/index.php?rest_route=\/wp\/v2\/pages"}],"about":[{"href":"https:\/\/galeriedeparis.fr\/afcc\/index.php?rest_route=\/wp\/v2\/types\/page"}],"author":[{"embeddable":true,"href":"https:\/\/galeriedeparis.fr\/afcc\/index.php?rest_route=\/wp\/v2\/users\/1"}],"replies":[{"embeddable":true,"href":"https:\/\/galeriedeparis.fr\/afcc\/index.php?rest_route=%2Fwp%2Fv2%2Fcomments&post=597"}],"version-history":[{"count":49,"href":"https:\/\/galeriedeparis.fr\/afcc\/index.php?rest_route=\/wp\/v2\/pages\/597\/revisions"}],"predecessor-version":[{"id":2867,"href":"https:\/\/galeriedeparis.fr\/afcc\/index.php?rest_route=\/wp\/v2\/pages\/597\/revisions\/2867"}],"wp:attachment":[{"href":"https:\/\/galeriedeparis.fr\/afcc\/index.php?rest_route=%2Fwp%2Fv2%2Fmedia&parent=597"}],"curies":[{"name":"wp","href":"https:\/\/api.w.org\/{rel}","templated":true}]}}