{"id":618,"date":"2017-04-23T22:02:25","date_gmt":"2017-04-23T21:02:25","guid":{"rendered":"https:\/\/galeriedeparis.fr\/afcc\/?page_id=618"},"modified":"2026-03-10T01:04:40","modified_gmt":"2026-03-10T00:04:40","slug":"2017-inscription-et-paiement-au-workshop","status":"publish","type":"page","link":"https:\/\/galeriedeparis.fr\/afcc\/?page_id=618","title":{"rendered":"Enseignement artistique dispens\u00e9 par l&rsquo;AFCC   \/ ART SCHOOL  &#038; ART WORKSHOPS"},"content":{"rendered":"<div class=\"_4-u2 _3xaf _3-95 _4-u8\">\n<div class=\"_2qgs\">\n<p data-start=\"81\" data-end=\"203\">L\u2019<strong data-start=\"83\" data-end=\"125\">association Festival Cultures Crois\u00e9es<\/strong> dispense depuis plusieurs ann\u00e9es un enseignement artistique de haut niveau.<\/p>\n<p data-start=\"205\" data-end=\"258\">Nous proposons <strong data-start=\"220\" data-end=\"254\">deux activit\u00e9s compl\u00e9mentaires<\/strong> :<\/p>\n<ol data-start=\"259\" data-end=\"412\">\n<li data-section-id=\"r3if8x\" data-start=\"259\" data-end=\"301\">\n<p data-start=\"262\" data-end=\"301\">Une v\u00e9ritable <strong data-start=\"276\" data-end=\"291\">\u00c9cole d\u2019Art<\/strong> \u00e0 Paris<\/p>\n<\/li>\n<li data-section-id=\"xv3zqm\" data-start=\"302\" data-end=\"412\">\n<p data-start=\"305\" data-end=\"412\">Des <strong data-start=\"309\" data-end=\"338\">stages et s\u00e9ances courtes<\/strong> de peinture en atelier ou en plein air en Normandie et en \u00cele-de-France<\/p>\n<\/li>\n<\/ol>\n<p data-start=\"414\" data-end=\"473\">En 2021, nous avons cr\u00e9\u00e9 <strong data-start=\"439\" data-end=\"470\">L\u2019\u00c9cole de Dessin Classique<\/strong>.<\/p>\n<p data-start=\"475\" data-end=\"504\">Les cours se d\u00e9roulent au :<\/p>\n<ul data-start=\"505\" data-end=\"673\">\n<li data-section-id=\"1d9xyqx\" data-start=\"505\" data-end=\"604\">\n<p data-start=\"507\" data-end=\"604\"><strong data-start=\"507\" data-end=\"543\">26 avenue de New York, Paris 16\u1d49<\/strong> (M\u00e9tro : Trocad\u00e9ro, I\u00e9na, Alma-Marceau | Bus : 30, 92, 80)<\/p>\n<\/li>\n<li data-section-id=\"dgmwcj\" data-start=\"605\" data-end=\"673\">\n<p data-start=\"607\" data-end=\"673\"><strong data-start=\"607\" data-end=\"671\">Atelier de l\u2019\u00c9toile, 5 rue de l\u2019Arc de Triomphe, 75017 Paris<\/strong><\/p>\n<\/li>\n<\/ul>\n<p data-start=\"675\" data-end=\"755\">Nos cours ont lieu les <strong data-start=\"698\" data-end=\"752\">mercredis, jeudis, vendredis, samedis et dimanches<\/strong>.<\/p>\n<p><a href=\"https:\/\/galeriedeparis.fr\/afcc\/wp-content\/uploads\/2021\/10\/couveture-de-la-vide\u0301o.jpg\"><img loading=\"lazy\" class=\"alignnone size-large wp-image-2510\" src=\"https:\/\/galeriedeparis.fr\/afcc\/wp-content\/uploads\/2021\/10\/couveture-de-la-vide\u0301o-1024x579.jpg\" alt=\"\" width=\"640\" height=\"362\" srcset=\"https:\/\/galeriedeparis.fr\/afcc\/wp-content\/uploads\/2021\/10\/couveture-de-la-vide\u0301o-1024x579.jpg 1024w, https:\/\/galeriedeparis.fr\/afcc\/wp-content\/uploads\/2021\/10\/couveture-de-la-vide\u0301o-300x170.jpg 300w, https:\/\/galeriedeparis.fr\/afcc\/wp-content\/uploads\/2021\/10\/couveture-de-la-vide\u0301o-768x434.jpg 768w, https:\/\/galeriedeparis.fr\/afcc\/wp-content\/uploads\/2021\/10\/couveture-de-la-vide\u0301o-1536x868.jpg 1536w, https:\/\/galeriedeparis.fr\/afcc\/wp-content\/uploads\/2021\/10\/couveture-de-la-vide\u0301o.jpg 1656w\" sizes=\"(max-width: 640px) 100vw, 640px\" \/><\/a><\/p>\n<h3><strong>En savoir plus\u00a0 sur <a href=\"http:\/\/www.dessinclassique.fr\/dc\/page-daccueil\/\" target=\"_blank\" rel=\"noopener\">L&rsquo;\u00c9COLE de DESSIN CLASSIQUE<\/a><\/strong><\/h3>\n<hr \/>\n<p data-start=\"76\" data-end=\"259\">Avec l\u2019arriv\u00e9e de la belle saison, nous vous proposons \u00e9galement des <strong data-start=\"145\" data-end=\"219\">s\u00e9ances d\u2019initiation ou de perfectionnement \u00e0 la peinture en plein air<\/strong> en Normandie, \u00e0 proximit\u00e9 de Giverny.<\/p>\n<p data-start=\"261\" data-end=\"389\">Ces s\u00e9ances ponctuelles ou stages de quelques jours conviennent aussi bien aux <strong data-start=\"340\" data-end=\"353\">d\u00e9butants<\/strong> qu\u2019aux <strong data-start=\"361\" data-end=\"386\">amateurs exp\u00e9riment\u00e9s<\/strong>.<\/p>\n<p data-start=\"391\" data-end=\"652\">Nos stages sont anim\u00e9s par les artistes de notre plateforme <strong data-start=\"451\" data-end=\"480\">French Plein Air Painters<\/strong>, notamment <strong data-start=\"492\" data-end=\"511\">Anna Filimonova<\/strong>, notre pr\u00e9sidente, ainsi que ses coll\u00e8gues : <strong data-start=\"557\" data-end=\"649\">Christel Fr\u00e9on, Agn\u0117-Marie Silkinaite, Andrey Fetisov, Natalia Leybina et Olga Bogdanova<\/strong>.<\/p>\n<p data-start=\"654\" data-end=\"690\">Plusieurs options sont possibles :<\/p>\n<ul data-start=\"691\" data-end=\"890\">\n<li data-section-id=\"1ghfb5m\" data-start=\"691\" data-end=\"750\">\n<p data-start=\"693\" data-end=\"750\">Stage individuel, en duo, en trio ou en <strong data-start=\"733\" data-end=\"748\">mini-groupe<\/strong><\/p>\n<\/li>\n<li data-section-id=\"1lwaw3y\" data-start=\"751\" data-end=\"780\">\n<p data-start=\"753\" data-end=\"780\">S\u00e9ances <strong data-start=\"761\" data-end=\"778\">team-building<\/strong><\/p>\n<\/li>\n<li data-section-id=\"ntod0x\" data-start=\"781\" data-end=\"890\">\n<p data-start=\"783\" data-end=\"890\">Sorties CE avec visite de la <strong data-start=\"812\" data-end=\"838\">Fondation Claude Monet<\/strong>, accompagn\u00e9es par nos artistes en tant que guides<\/p>\n<\/li>\n<\/ul>\n<p data-start=\"892\" data-end=\"986\">Nous pouvons \u00e9galement accueillir des <strong data-start=\"930\" data-end=\"957\">groupes tr\u00e8s importants<\/strong>, jusqu\u2019\u00e0 <strong data-start=\"967\" data-end=\"983\">40 personnes<\/strong>. Nous sommes repr\u00e9sent\u00e9s par L&rsquo;<a href=\"https:\/\/www.visiterouen.com\/offres\/peindre-au-pays-de-claude-monet-giverny-fr-4188036\/\" target=\"_blank\" rel=\"noopener\">Office de Tourisme de Rouen<\/a><\/p>\n<p><a href=\"https:\/\/www.helloasso.com\/associations\/festival-cultures-croisees\/evenements\/paricipation-au-stage-dans-les-pas-de-claude-monet-2023\" target=\"_blank\" rel=\"noopener\">\u00a0le lien direct pour l&rsquo;enregistrement des stages courtes dur\u00e9e \u00e0 la demande par Anna Filimonova\u00a0<\/a><\/p>\n<p>Vous souhaitez savoir plus sur le concept de nos stages\u00a0 ?<br \/>\nPourquoi\u00a0 la majorit\u00e9 de nos stages sont consacr\u00e9s \u00e0 la peinture en plein air\u00a0 ?<br \/>\nLisez la suite ou encore visitez notre plateforme <a href=\"https:\/\/frenchpleinairpainters.com\/index.php\/category\/stages\/\" target=\"_blank\" rel=\"noopener\">http:\/\/www.frenchpleinairpainters.com<\/a><\/p>\n<p style=\"text-align: center;\">\u00a0Au sujet de la Peinture en plein air<\/p>\n<p>Sujet d&rsquo;inspiration pour les uns, espace d\u2019amusement et de libert\u00e9 pour les autres, la peinture en plein air de nombreux a des nombreux adeptes depuis le 19e si\u00e8cle.<\/p>\n<\/div>\n<div class=\"_2qgs\">\n<p><a href=\"https:\/\/galeriedeparis.fr\/afcc\/wp-content\/uploads\/2014\/07\/anna-peint-lachatonniere.jpg\"><img loading=\"lazy\" class=\"wp-image-95 alignleft\" src=\"https:\/\/galeriedeparis.fr\/afcc\/wp-content\/uploads\/2014\/07\/anna-peint-lachatonniere.jpg\" alt=\"\" width=\"469\" height=\"352\" srcset=\"https:\/\/galeriedeparis.fr\/afcc\/wp-content\/uploads\/2014\/07\/anna-peint-lachatonniere.jpg 640w, https:\/\/galeriedeparis.fr\/afcc\/wp-content\/uploads\/2014\/07\/anna-peint-lachatonniere-300x225.jpg 300w\" sizes=\"(max-width: 469px) 100vw, 469px\" \/><\/a><a href=\"https:\/\/galeriedeparis.fr\/afcc\/wp-content\/uploads\/2017\/04\/Stage-Fourges-Moulin.jpg\"><img loading=\"lazy\" class=\"wp-image-966 aligncenter\" src=\"https:\/\/galeriedeparis.fr\/afcc\/wp-content\/uploads\/2017\/04\/Stage-Fourges-Moulin.jpg\" alt=\"\" width=\"350\" height=\"242\" srcset=\"https:\/\/galeriedeparis.fr\/afcc\/wp-content\/uploads\/2017\/04\/Stage-Fourges-Moulin.jpg 543w, https:\/\/galeriedeparis.fr\/afcc\/wp-content\/uploads\/2017\/04\/Stage-Fourges-Moulin-300x208.jpg 300w\" sizes=\"(max-width: 350px) 100vw, 350px\" \/><\/a><\/p>\n<p>Une <b>peinture \u00ab\u00a0de plein air\u00a0\u00bb<\/b> est, le plus souvent, <b> peinte \u00ab\u00a0sur le motif\u00a0\u00bb<\/b>\u00a0: une \u0153uvre peinte \u00e0 l&rsquo;ext\u00e9rieur, dans la nature, devant le sujet (souvent un <a title=\"Paysage\" href=\"https:\/\/fr.wikipedia.org\/wiki\/Paysage\">paysage<\/a>) comme l&rsquo;ont fait les pr\u00e9-impressionnistes et les <a class=\"mw-redirect\" title=\"Impressionnistes\" href=\"https:\/\/fr.wikipedia.org\/wiki\/Impressionnistes\">Impressionnistes<\/a>, avec leur mat\u00e9riel (<a title=\"Ch\u00e2ssis (peinture)\" href=\"https:\/\/fr.wikipedia.org\/wiki\/Ch%C3%A2ssis_(peinture)\">ch\u00e2ssis<\/a> entoil\u00e9 et <a title=\"Chevalet (peinture)\" href=\"https:\/\/fr.wikipedia.org\/wiki\/Chevalet_(peinture)\">chevalet<\/a> de campagne)<\/p>\n<p>Aujourd\u2019hui, la peinture de paysage est pr\u00e9sente dans l\u2019art contemporain mais le paysage n&rsquo;est pas toujours r\u00e9alis\u00e9 \u00e0 l&rsquo;exterieur.\u00a0 N\u00e9anmoins ce mouvement, qu\u2019on nomme parfois indiff\u00e9remment \u00ab\u00a0peinture de paysage, peinture sur le motif, peinture de plein air, art nomade\u00a0\u00bb est repr\u00e9sent\u00e9 par des artistes comme <a title=\"David Hockney\" href=\"https:\/\/fr.wikipedia.org\/wiki\/David_Hockney\">David Hockney<\/a>, <a title=\"Per Kirkeby\" href=\"https:\/\/fr.wikipedia.org\/wiki\/Per_Kirkeby\">Per Kirkeby<\/a>, <a title=\"Peter Doig\" href=\"https:\/\/fr.wikipedia.org\/wiki\/Peter_Doig\">Peter Doig<\/a>, Antonio Lopez Garcia, Klauss Fussman, <a title=\"Vincent Bioul\u00e8s\" href=\"https:\/\/fr.wikipedia.org\/wiki\/Vincent_Bioul%C3%A8s\">Vincent Bioul\u00e8s<\/a>, Alexandre Hollan\u2026 et nos contemporains fran\u00e7ais\u00a0 tel <a href=\"http:\/\/www.francois-legrand.com\/\" target=\"_blank\" rel=\"noopener\">Fran\u00e7ois Legrand,<\/a> <a href=\"http:\/\/www.thierrylefort.com\" target=\"_blank\" rel=\"noopener\">Thierry Lefort,\u00a0<\/a> <a href=\"http:\/\/stephaneruais.fr\/\" target=\"_blank\" rel=\"noopener\">St\u00e9phane Ruais,<\/a><br \/>\nIl est particuli\u00e8rement dynamique sur la c\u00f4te Ouest des \u00c9tats-Unis avec le <i><a class=\"new\" title=\"California Plein-Air Revival (page inexistante)\" href=\"https:\/\/fr.wikipedia.org\/w\/index.php?title=California_Plein-Air_Revival&amp;action=edit&amp;redlink=1\">California Plein-Air Revival \u00a0<\/a><\/i> ou encore dans les Pays de l&rsquo;ex-URSS &#8211; en Russie, Ukraine, Belorussie&#8230;<\/p>\n<p>Tout comme notre pr\u00e9sidente <a href=\"http:\/\/www.filimonova.com\/\" target=\"_blank\" rel=\"noopener\">Anna Fiimonova\u00a0<\/a> artiste-peintre d&rsquo;origine russe\u00a0 form\u00e9 \u00e0 c\u00e9l\u00e8bre Ecole Iliya R\u00e9pine \u00e0 Saint-P\u00e9tersbourg nous pensons que <strong>la peinture en plein air<\/strong> \u00e9tait et reste indispensable pour l&rsquo;\u00e9volution des peintres. Sans obligatoirement devenir une pratique soutenue cr\u00e9atrice des \u0153uvres abouties ( m\u00eame si cela existe pour certains artistes),\u00a0 elle reste une pratique d\u2019exercice liant utile \u00e0 l&rsquo;agr\u00e9able, elle\u00a0 \u00e9claire la palette et forge la perception\u00a0 personnelle du monde si importante pour chaque cr\u00e9ateur,\u00a0 e<strong>t\u00a0 elle permet voyager le pinceau \u00e0 la main.<\/strong><\/p>\n<p><strong>Ayant une chance d&rsquo;avoir notre\u00a0 l&rsquo;atelier et le bureau en Normandie\u00a0<\/strong> &#8211; le Berceau de l&rsquo;Impressionnisme &#8211; de surcroit \u00e0 10 minutes\u00a0 de <strong>Giverny <\/strong>o\u00f9 se trouvent les c\u00e9l\u00e8bres jardins de <a href=\"https:\/\/fondation-monet.com\/\" target=\"_blank\" rel=\"noopener\"><strong>Nymph\u00e9a cr\u00e9es et peints par Claude Monet\u00a0<\/strong><\/a>nous nous sommes sp\u00e9cialis\u00e9s dans l\u2019organisation des stages de la peinture en plein air\u00a0 et vous offrons toute la logistique indispensable pour cette pratique.<\/p>\n<\/div>\n<\/div>\n<p><!--more--><\/p>\n<div class=\"_4-u2 _3xaf _3-95 _4-u8\">\n<div class=\"_2qgs\">\n<h2><strong>Nos stages sont con\u00e7us par Anna Filimonova,<\/strong><\/h2>\n<div id=\"attachment_2227\" style=\"width: 553px\" class=\"wp-caption aligncenter\"><a href=\"https:\/\/galeriedeparis.fr\/afcc\/wp-content\/uploads\/2020\/04\/anna-filimonova-a-giverny-didier\u00a9erestman.jpg\"><img aria-describedby=\"caption-attachment-2227\" loading=\"lazy\" class=\"wp-image-2227 \" src=\"https:\/\/galeriedeparis.fr\/afcc\/wp-content\/uploads\/2020\/04\/anna-filimonova-a-giverny-didier\u00a9erestman-1024x768.jpg\" alt=\"\" width=\"543\" height=\"407\" srcset=\"https:\/\/galeriedeparis.fr\/afcc\/wp-content\/uploads\/2020\/04\/anna-filimonova-a-giverny-didier\u00a9erestman-1024x768.jpg 1024w, https:\/\/galeriedeparis.fr\/afcc\/wp-content\/uploads\/2020\/04\/anna-filimonova-a-giverny-didier\u00a9erestman-300x225.jpg 300w, https:\/\/galeriedeparis.fr\/afcc\/wp-content\/uploads\/2020\/04\/anna-filimonova-a-giverny-didier\u00a9erestman-768x576.jpg 768w, https:\/\/galeriedeparis.fr\/afcc\/wp-content\/uploads\/2020\/04\/anna-filimonova-a-giverny-didier\u00a9erestman.jpg 2016w\" sizes=\"(max-width: 543px) 100vw, 543px\" \/><\/a><p id=\"caption-attachment-2227\" class=\"wp-caption-text\">\u00a9 Didier Ehretsmann<\/p><\/div>\n<p style=\"text-align: center;\"><strong><span style=\"color: #ff6600;\">si vous \u00eates &#8211; une agence de voyage,\u00a0 un comit\u00e9 d&rsquo;entreprise,\u00a0 une \u00e9cole d&rsquo;art<\/span> <span style=\"color: #ff6600;\">etc, <\/span><\/strong><\/p>\n<p><strong><span style=\"color: #ff6600;\">Contactez pour l&rsquo;organisation d&rsquo;un stage\/ atelier sur mesure.<\/span><\/strong><\/p>\n<p><strong>Dans notre \u00e9quipe en plus d&rsquo;Anna Filimonova trilingue fran\u00e7ais, anglais, russe, il y a plusieurs professeurs parlant des langues \u00e9trang\u00e8res.<\/strong><\/p>\n<h2>Mail pour le contact :\u00a0<strong><span style=\"color: #ff6600;\"> AFCC.anna@ gmail.com\u00a0 <\/span><br \/>\n<\/strong><\/h2>\n<p><strong>Nous connaissons plusieurs beaux endroits en Normandie\u00a0 sur l\u2019itin\u00e9raire des boucles de la Seine entre Paris et Cot\u00e9 d&rsquo;Opale avec l&rsquo;infrastructure adapt\u00e9e , tel\u00a0 abri en temps de pluie \u00e9ventuellement, lieu de restauration et \u00e9ventuellement de s\u00e9jour, possibilit\u00e9 d&rsquo;organiser une mini-exposition \u00e9ph\u00e9m\u00e8re de fin de stage.<\/strong><\/p>\n<p><strong>En plus nous poss\u00e9dons tous le mat\u00e9riel n\u00e9cessaire pour un stage d&rsquo;un groupe jusqu&rsquo;au 40 personnes et\u00a0 pouvons accueillir m\u00eame plus\u00a0 du monde\u00a0 sur demande. Vous aurez le nombre necessaire d&rsquo;animateurs, peintres internationaux parlant plusieurs langues et nous vous fournirons tout le materiel necessaire <\/strong><strong>( Couleurs, pinceaux, cartons \u00e0 dessins, chaises, chevalet peuvent vous \u00eatre pr\u00eat\u00e9s , vous n&rsquo;aurez \u00e0 vous soucier de rien \u00b0 <\/strong><\/p>\n<h2>&#8212;&#8212;&#8212;&#8212;&#8212;&#8212;&#8212;&#8212;&#8212;&#8212;&#8212;&#8212;&#8212;&#8212;&#8212;&#8212;&#8212;&#8212;&#8212;&#8212;&#8212;&#8212;&#8212;&#8212;&#8212;&#8212;+++++++++++++++++++++++++++++++++++++++++++++<\/h2>\n<p>&nbsp;<\/p>\n<div style=\"width: 100%; text-align: center;\">\u00b0\u00b0\u00b0\u00b0\u00b0\u00b0\u00b0\u00b0\u00b0\u00b0\u00b0\u00b0\u00b0\u00b0\u00b0\u00b0\u00b0\u00b0\u00b0\u00b0\u00b0\u00b0\u00b0\u00b0\u00b0\u00b0\u00b0\u00b0\u00b0\u00b0\u00b0\u00b0\u00b0\u00b0\u00b0\u00b0\u00b0\u00b0\u00b0\u00b0\u00b0\u00b0\u00b0\u00b0\u00b0\u00b0\u00b0\u00b0\u00b0\u00b0\u00b0\u00b0\u00b0\u00b0\u00b0\u00b0\u00b0\u00b0\u00b0\u00b0\u00b0\u00b0\u00b0\u00b0\u00b0\u00b0\u00b0\u00b0\u00b0\u00b0\u00b0\u00b0\u00b0\u00b0\u00b0\u00b0\u00b0\u00b0\u00b0\u00b0\u00b0\u00b0\u00b0\u00b0\u00b0\u00b0\u00b0\u00b0\u00b0\u00b0\u00b0\u00b0)<\/div>\n<\/div>\n<div class=\"_2qgs\">\n<p>&nbsp;<\/p>\n<\/div>\n<\/div>\n","protected":false},"excerpt":{"rendered":"<p>L\u2019association Festival Cultures Crois\u00e9es dispense depuis plusieurs ann\u00e9es un enseignement artistique de haut niveau. Nous proposons deux activit\u00e9s compl\u00e9mentaires : Une v\u00e9ritable \u00c9cole d\u2019Art \u00e0 Paris Des stages et s\u00e9ances courtes de peinture en atelier ou en plein air en &hellip; <a href=\"https:\/\/galeriedeparis.fr\/afcc\/?page_id=618\">Continuer la lecture <span class=\"meta-nav\">&rarr;<\/span><\/a><\/p>\n","protected":false},"author":1,"featured_media":1391,"parent":0,"menu_order":0,"comment_status":"closed","ping_status":"closed","template":"","meta":[],"_links":{"self":[{"href":"https:\/\/galeriedeparis.fr\/afcc\/index.php?rest_route=\/wp\/v2\/pages\/618"}],"collection":[{"href":"https:\/\/galeriedeparis.fr\/afcc\/index.php?rest_route=\/wp\/v2\/pages"}],"about":[{"href":"https:\/\/galeriedeparis.fr\/afcc\/index.php?rest_route=\/wp\/v2\/types\/page"}],"author":[{"embeddable":true,"href":"https:\/\/galeriedeparis.fr\/afcc\/index.php?rest_route=\/wp\/v2\/users\/1"}],"replies":[{"embeddable":true,"href":"https:\/\/galeriedeparis.fr\/afcc\/index.php?rest_route=%2Fwp%2Fv2%2Fcomments&post=618"}],"version-history":[{"count":104,"href":"https:\/\/galeriedeparis.fr\/afcc\/index.php?rest_route=\/wp\/v2\/pages\/618\/revisions"}],"predecessor-version":[{"id":2923,"href":"https:\/\/galeriedeparis.fr\/afcc\/index.php?rest_route=\/wp\/v2\/pages\/618\/revisions\/2923"}],"wp:featuredmedia":[{"embeddable":true,"href":"https:\/\/galeriedeparis.fr\/afcc\/index.php?rest_route=\/wp\/v2\/media\/1391"}],"wp:attachment":[{"href":"https:\/\/galeriedeparis.fr\/afcc\/index.php?rest_route=%2Fwp%2Fv2%2Fmedia&parent=618"}],"curies":[{"name":"wp","href":"https:\/\/api.w.org\/{rel}","templated":true}]}}