{"id":1319,"date":"2014-05-24T18:40:25","date_gmt":"2014-05-24T17:40:25","guid":{"rendered":"http:\/\/galeriedeparis.fr\/wp3_af\/?page_id=1319"},"modified":"2023-10-27T13:37:20","modified_gmt":"2023-10-27T12:37:20","slug":"afcc-sejours-et-expositions-dartistes","status":"publish","type":"page","link":"https:\/\/galeriedeparis.fr\/wp3_af\/?page_id=1319","title":{"rendered":"AFCC &#8211; Association  \u00ab\u00a0Festival Cultures Crois\u00e9es\u00a0\u00bb"},"content":{"rendered":"<h1>Au d\u00e9but de sa carri\u00e8re de \u00ab\u00a0curator\u00a0\u00bb en 2000<br \/>\n( communement appel\u00e9 Commissaire d&rsquo;exposition en fran\u00e7ais)\u00a0 Anna Filimonova a du cr\u00e9e une structure forte maintenant de 23 ans d&rsquo;existance et de l&rsquo;histoire tr\u00e8s riche &#8211; il s&rsquo;agit de L&rsquo;Association Festival Cultures Crois\u00e9es ( \u00e0 but non lucrtatif, loi 1901)<\/h1>\n<h1>Son objet\u00a0 est le d\u00e9veloppement des liens interdisciplinaires entre les arts et\u00a0 l&rsquo;organisation des\u00a0 diverses manifestations culturelles expositions, d\u00e9bat,\u00a0 forums, concerts, spectacles, voyages.<br \/>\nDepuis 2021 l&rsquo;association porte<a href=\"http:\/\/www.dessinclassique.fr\/dc\/page-daccueil\/\" target=\"_blank\" rel=\"noopener\"> l&rsquo; \u00c9cole de Dessin Classique<\/a><\/h1>\n<h1>Depuis 2013 l&rsquo;association Festival Cultures Crois\u00e9es s&rsquo;est sp\u00e9cialis\u00e9 dans l&rsquo;organisation de s\u00e9jours d\u00e9di\u00e9s \u00e0 la peinture en plein air en France, en Russie ou au Japon<strong>\u00a0 et <a href=\"https:\/\/frenchpleinairpainters.com\/\" target=\"_blank\" rel=\"noopener\">du Festival International de peinture en plein air<\/a> \u00ab\u00a0Dans le Berceau de l&rsquo;Impressionnisme\u00a0\u00bb<\/strong><\/h1>\n<p>En savoir plus :<\/p>\n<p><a href=\"http:\/\/www.festival-cultures-croisees.eu\" target=\"_blank\" rel=\"noopener\">http:\/\/www.festival-cultures-croisees.eu<\/a><\/p>\n<p>La peinture en plein air en Normandie ( ou ailleurs)\u00a0 vous int\u00e9resse .<\/p>\n<p><strong><em><span style=\"color: #993366;\">Vous dirigez une \u00e9cole d\u2019art pour jeunes ou pour adultes ?<\/span><\/em><\/strong><br \/>\n<strong><em><span style=\"color: #993366;\"> Vous pouvez r\u00e9unir un groupe de coll\u00e8gues, artistes professionnels<br \/>\nou amateurs ?<\/span><\/em><\/strong><br \/>\n<strong><em><span style=\"color: #993366;\"> Vous donnez des cours de peinture \u00e0 des particuliers, en individuel<br \/>\nou en groupes ?<\/span><\/em><\/strong><\/p>\n<p>Proposez \u00e0 vos \u00e9l\u00e8ves, amis, coll\u00e8gues, une exp\u00e9rience unique !<\/p>\n<p>Formez un groupe d&rsquo;une dizaine de personnes et appelez-nous : nous organiserons avec vous LE s\u00e9jour adapt\u00e9 \u00e0 vos envies, avec des s\u00e9ances quotidiennes de peinture en plein air<\/p>\n<p>Et accompagnez votre groupe!<\/p>\n<p><strong>UNE OCCASION UNIQUE<\/strong><br \/>\n\u2022\u00a0\u00a0 \u00a0Notre base se trouve en Haute Normandie \u00e0 la fronti\u00e8re avec l\u2019Ile de France<br \/>\n\u2022\u00a0\u00a0 \u00a0Tout pr\u00e8s de Giverny et du Mus\u00e9e de Claude Monet, pape des impressionnistes<br \/>\n\u2022\u00a0\u00a0 \u00a0Pr\u00e9sence permanente d\u2019un accompagnateur parlant votre langue et le fran\u00e7ais couramment<br \/>\n\u2022\u00a0\u00a0 \u00a0Vous pourrez peindre dans le jardin m\u00eame de Claude Monet (exclusivit\u00e9)<br \/>\n\u2022\u00a0\u00a0 \u00a0On vous emm\u00e8nera sur les meilleurs spots de peinture de la r\u00e9gion, d\u00e9j\u00e0 identifi\u00e9s par des professionnels, lieux de pr\u00e9dilection de grands peintres comme Sisley, Bonnard, Renoir, \u2026<\/p>\n<p>Nous avons des accords avec les lieux les plus pris\u00e9s par les peintres, en Russie pr\u00e8s de Saint-P\u00e9tersbourg, au Japon pr\u00e8s du Mont Fuji ou dans la pittoresque pr\u00e9fecture Ibaraki.`<\/p>\n<p><strong>UNE ORGANISATION ADAPTABLE<\/strong><br \/>\n\u2022\u00a0\u00a0 \u00a0Un bon \u00e9quilibre entre s\u00e9ances de peinture et visites culturelles de d\u00e9couverte de la r\u00e9gion<br \/>\n\u2022\u00a0\u00a0 \u00a0Extension possible \u00e0 Paris : visites de mus\u00e9es, mais aussi shopping si souhait\u00e9<br \/>\n\u2022\u00a0\u00a0 \u00a0Un stage de 4 jours \/ 3 nuits jusqu\u2019\u00e0 7 jours \/ 6 nuits selon vos envies et vos possibilit\u00e9s<br \/>\n\u2022\u00a0\u00a0 \u00a0Nous organisons \u00e9galement des s\u00e9jours en Val de Loire, en Bretagne, &#8230;<br \/>\n\u2022\u00a0\u00a0 \u00a0Avec une attention toute particuli\u00e8re pour la d\u00e9couverte de l\u2019art des jardins.<\/p>\n<p>Pour en savoir plus : <a href=\"http:\/\/www.festival-cultures-croisees.eu\" target=\"_blank\" rel=\"noopener\">http:\/\/www.festival-cultures-croisees.eu<\/a><\/p>\n<p>&nbsp;<\/p>\n","protected":false},"excerpt":{"rendered":"<p>Au d\u00e9but de sa carri\u00e8re de \u00ab\u00a0curator\u00a0\u00bb en 2000 ( communement appel\u00e9 Commissaire d&rsquo;exposition en fran\u00e7ais)\u00a0 Anna Filimonova a du cr\u00e9e une structure forte maintenant de 23 ans d&rsquo;existance et de l&rsquo;histoire tr\u00e8s riche &#8211; il s&rsquo;agit de L&rsquo;Association Festival Cultures Crois\u00e9es ( \u00e0 but non lucrtatif, loi 1901) Son objet\u00a0 est le d\u00e9veloppement des &hellip; <\/p>\n<p class=\"link-more\"><a href=\"https:\/\/galeriedeparis.fr\/wp3_af\/?page_id=1319\" class=\"more-link\">Continuer la lecture<span class=\"screen-reader-text\"> de &laquo;&nbsp;AFCC &#8211; Association  \u00ab\u00a0Festival Cultures Crois\u00e9es\u00a0\u00bb&nbsp;&raquo;<\/span><\/a><\/p>\n","protected":false},"author":1,"featured_media":0,"parent":0,"menu_order":0,"comment_status":"open","ping_status":"open","template":"","meta":{"footnotes":""},"class_list":["post-1319","page","type-page","status-publish","hentry"],"_links":{"self":[{"href":"https:\/\/galeriedeparis.fr\/wp3_af\/index.php?rest_route=\/wp\/v2\/pages\/1319","targetHints":{"allow":["GET"]}}],"collection":[{"href":"https:\/\/galeriedeparis.fr\/wp3_af\/index.php?rest_route=\/wp\/v2\/pages"}],"about":[{"href":"https:\/\/galeriedeparis.fr\/wp3_af\/index.php?rest_route=\/wp\/v2\/types\/page"}],"author":[{"embeddable":true,"href":"https:\/\/galeriedeparis.fr\/wp3_af\/index.php?rest_route=\/wp\/v2\/users\/1"}],"replies":[{"embeddable":true,"href":"https:\/\/galeriedeparis.fr\/wp3_af\/index.php?rest_route=%2Fwp%2Fv2%2Fcomments&post=1319"}],"version-history":[{"count":11,"href":"https:\/\/galeriedeparis.fr\/wp3_af\/index.php?rest_route=\/wp\/v2\/pages\/1319\/revisions"}],"predecessor-version":[{"id":3137,"href":"https:\/\/galeriedeparis.fr\/wp3_af\/index.php?rest_route=\/wp\/v2\/pages\/1319\/revisions\/3137"}],"wp:attachment":[{"href":"https:\/\/galeriedeparis.fr\/wp3_af\/index.php?rest_route=%2Fwp%2Fv2%2Fmedia&parent=1319"}],"curies":[{"name":"wp","href":"https:\/\/api.w.org\/{rel}","templated":true}]}}