{"id":2672,"date":"2021-01-31T14:53:52","date_gmt":"2021-01-31T13:53:52","guid":{"rendered":"https:\/\/galeriedeparis.fr\/wp3_af\/?page_id=2672"},"modified":"2022-11-30T14:22:19","modified_gmt":"2022-11-30T13:22:19","slug":"notre-dernier-ne-la-plateforme-frenchpleinairpainters-com","status":"publish","type":"page","link":"https:\/\/galeriedeparis.fr\/wp3_af\/?page_id=2672","title":{"rendered":"Tout savoir sur la plateforme Frenchpleinairpainters.com"},"content":{"rendered":"<p>L&rsquo;association \u00ab\u00a0Festival Cultures Cr<a href=\"https:\/\/frenchpleinairpainters.com\/\" target=\"_blank\" rel=\"noopener\"><img loading=\"lazy\" decoding=\"async\" class=\"size-medium wp-image-2652 alignleft\" src=\"https:\/\/galeriedeparis.fr\/wp3_af\/wp-content\/uploads\/2021\/01\/paneau-residences-french-plein-air-300x140.png\" alt=\"\" width=\"300\" height=\"140\" srcset=\"https:\/\/galeriedeparis.fr\/wp3_af\/wp-content\/uploads\/2021\/01\/paneau-residences-french-plein-air-300x140.png 300w, https:\/\/galeriedeparis.fr\/wp3_af\/wp-content\/uploads\/2021\/01\/paneau-residences-french-plein-air-768x359.png 768w, https:\/\/galeriedeparis.fr\/wp3_af\/wp-content\/uploads\/2021\/01\/paneau-residences-french-plein-air-1024x479.png 1024w, https:\/\/galeriedeparis.fr\/wp3_af\/wp-content\/uploads\/2021\/01\/paneau-residences-french-plein-air.png 1361w\" sizes=\"auto, (max-width: 300px) 100vw, 300px\" \/><\/a>ois\u00e9es\u00a0\u00bb et son \u00e9quipe : Annick Saimpert, Didier Martin et bien sur moi et Jean-Luc aid\u00e9 par Anna Sokolov, nous l&rsquo;avons cr\u00e9e \u00e0 la fin de l&rsquo;ann\u00e9e 2019 juste avant l&rsquo;\u00e9pud\u00e9mie de la Covid 19. Partant d&rsquo;une observation que la peinture en plein air reprend ses lettres de noblesse en France, mais n&rsquo;a aucun support f\u00e9d\u00e9rateur. Ainsi nous avons cr\u00e9e cette plateforme qui reunit tout ceux qui sont concern\u00e9s par ce proc\u00e9d\u00e9 de pr\u00e8s ou de loin&#8230; et je dois dire qu&rsquo;elle grandit et murit vraiment\u00a0 bien.<br \/>\nEn plus je pense que dans la p\u00e9riode post-covid elle prendra un sens particuli\u00e8r et sera attractive \u00e0 bien des \u00e9gards. Pensez \u00e0 y faire un tour et\u00a0 aussi \u00e0 la partager avec vos amis qui sont succeptibles d&rsquo;\u00eatre int\u00e9ress\u00e9 (e)\u00a0 &#8211; Bien sur\u00a0 avec des artistes, mais aussi\u00a0 avec des propri\u00e9taires des lieux qui peuvent devenir lieux de peinture, lieux du patrimoine qui souhaitent \u00eatre valoris\u00e9s par les regrads d&rsquo;artistes, ou encore qui poss\u00e8dent l&rsquo;hebergement adapt\u00e9s aux accueil des petit groupes. Nous sommes ouverts \u00e0 toute coop\u00e9ration.<\/p>\n<p>R\u00e9tour vers la page des voeux\u00a0<a href=\"http:\/\/: https:\/\/galeriedeparis.fr\/wp3_af\/?page_id=2623\" target=\"_blank\" rel=\"noopener\"> ici:<\/a><\/p>\n<p><a href=\"https:\/\/frenchpleinairpainters.com\/\" target=\"_blank\" rel=\"noopener\">Visite de la plateforme : ici\u00a0<\/a><\/p>\n<p>Vid\u00e9o du Festival 2020 sur notre chaine\u00a0<a href=\"https:\/\/www.youtube.com\/watch?v=o31rrqVgmEI&amp;t=21s\" target=\"_blank\" rel=\"noopener\"><img loading=\"lazy\" decoding=\"async\" class=\" wp-image-2692 alignleft\" src=\"https:\/\/galeriedeparis.fr\/wp3_af\/wp-content\/uploads\/2021\/01\/bandeau-video-du-film-festival--300x185.jpg\" alt=\"\" width=\"259\" height=\"160\" srcset=\"https:\/\/galeriedeparis.fr\/wp3_af\/wp-content\/uploads\/2021\/01\/bandeau-video-du-film-festival--300x185.jpg 300w, https:\/\/galeriedeparis.fr\/wp3_af\/wp-content\/uploads\/2021\/01\/bandeau-video-du-film-festival--768x474.jpg 768w, https:\/\/galeriedeparis.fr\/wp3_af\/wp-content\/uploads\/2021\/01\/bandeau-video-du-film-festival-.jpg 889w\" sizes=\"auto, (max-width: 259px) 100vw, 259px\" \/><\/a><a href=\"https:\/\/www.youtube.com\/watch?v=o31rrqVgmEI&amp;t=21s\" target=\"_blank\" rel=\"noopener\"> youtube : ici<\/a><\/p>\n","protected":false},"excerpt":{"rendered":"<p>L&rsquo;association \u00ab\u00a0Festival Cultures Crois\u00e9es\u00a0\u00bb et son \u00e9quipe : Annick Saimpert, Didier Martin et bien sur moi et Jean-Luc aid\u00e9 par Anna Sokolov, nous l&rsquo;avons cr\u00e9e \u00e0 la fin de l&rsquo;ann\u00e9e 2019 juste avant l&rsquo;\u00e9pud\u00e9mie de la Covid 19. Partant d&rsquo;une observation que la peinture en plein air reprend ses lettres de noblesse en France, mais &hellip; <\/p>\n<p class=\"link-more\"><a href=\"https:\/\/galeriedeparis.fr\/wp3_af\/?page_id=2672\" class=\"more-link\">Continuer la lecture<span class=\"screen-reader-text\"> de &laquo;&nbsp;Tout savoir sur la plateforme Frenchpleinairpainters.com&nbsp;&raquo;<\/span><\/a><\/p>\n","protected":false},"author":2,"featured_media":0,"parent":0,"menu_order":0,"comment_status":"closed","ping_status":"closed","template":"","meta":{"footnotes":""},"class_list":["post-2672","page","type-page","status-publish","hentry"],"_links":{"self":[{"href":"https:\/\/galeriedeparis.fr\/wp3_af\/index.php?rest_route=\/wp\/v2\/pages\/2672","targetHints":{"allow":["GET"]}}],"collection":[{"href":"https:\/\/galeriedeparis.fr\/wp3_af\/index.php?rest_route=\/wp\/v2\/pages"}],"about":[{"href":"https:\/\/galeriedeparis.fr\/wp3_af\/index.php?rest_route=\/wp\/v2\/types\/page"}],"author":[{"embeddable":true,"href":"https:\/\/galeriedeparis.fr\/wp3_af\/index.php?rest_route=\/wp\/v2\/users\/2"}],"replies":[{"embeddable":true,"href":"https:\/\/galeriedeparis.fr\/wp3_af\/index.php?rest_route=%2Fwp%2Fv2%2Fcomments&post=2672"}],"version-history":[{"count":4,"href":"https:\/\/galeriedeparis.fr\/wp3_af\/index.php?rest_route=\/wp\/v2\/pages\/2672\/revisions"}],"predecessor-version":[{"id":3083,"href":"https:\/\/galeriedeparis.fr\/wp3_af\/index.php?rest_route=\/wp\/v2\/pages\/2672\/revisions\/3083"}],"wp:attachment":[{"href":"https:\/\/galeriedeparis.fr\/wp3_af\/index.php?rest_route=%2Fwp%2Fv2%2Fmedia&parent=2672"}],"curies":[{"name":"wp","href":"https:\/\/api.w.org\/{rel}","templated":true}]}}