{"id":2678,"date":"2021-01-31T15:02:26","date_gmt":"2021-01-31T14:02:26","guid":{"rendered":"https:\/\/galeriedeparis.fr\/wp3_af\/?page_id=2678"},"modified":"2022-11-30T14:24:38","modified_gmt":"2022-11-30T13:24:38","slug":"nous-sommes-devenus-representant-et-revendeux-officiel-de-roubloff-en-france","status":"publish","type":"page","link":"https:\/\/galeriedeparis.fr\/wp3_af\/?page_id=2678","title":{"rendered":"Ambassadeur officiel de la marque des pinceaux \u00ab\u00a0Roubloff \u00a0\u00bb en France"},"content":{"rendered":"<h3><strong><a href=\"https:\/\/galeriedeparis.fr\/wp3_af\/wp-content\/uploads\/2021\/07\/roubloff-rebnitskaay_5473.jpg\"><img loading=\"lazy\" decoding=\"async\" class=\"size-medium wp-image-2904 alignleft\" src=\"https:\/\/galeriedeparis.fr\/wp3_af\/wp-content\/uploads\/2021\/07\/roubloff-rebnitskaay_5473-234x300.jpg\" alt=\"\" width=\"234\" height=\"300\" srcset=\"https:\/\/galeriedeparis.fr\/wp3_af\/wp-content\/uploads\/2021\/07\/roubloff-rebnitskaay_5473-234x300.jpg 234w, https:\/\/galeriedeparis.fr\/wp3_af\/wp-content\/uploads\/2021\/07\/roubloff-rebnitskaay_5473.jpg 640w\" sizes=\"auto, (max-width: 234px) 100vw, 234px\" \/><\/a><a href=\"https:\/\/www.galeriedeparis.fr\/roubloff_vf\/\" target=\"_blank\" rel=\"noopener\">\u00a0<\/a><\/strong><a href=\"https:\/\/www.roubloff.ru\/en\/\" target=\"_blank\" rel=\"noopener\"><img loading=\"lazy\" decoding=\"async\" class=\"size-medium wp-image-2653 alignleft\" src=\"https:\/\/galeriedeparis.fr\/wp3_af\/wp-content\/uploads\/2021\/01\/Lofo-Roubloff-Noir-300x59.jpg\" alt=\"\" width=\"300\" height=\"59\" srcset=\"https:\/\/galeriedeparis.fr\/wp3_af\/wp-content\/uploads\/2021\/01\/Lofo-Roubloff-Noir-300x59.jpg 300w, https:\/\/galeriedeparis.fr\/wp3_af\/wp-content\/uploads\/2021\/01\/Lofo-Roubloff-Noir.jpg 520w\" sizes=\"auto, (max-width: 300px) 100vw, 300px\" \/><\/a><br \/>\nDepuis f\u00e9vrier 2020 certains parmi vous ont eu l&rsquo;occasion de les d\u00e9couvrir sur le stand de ma d\u00e9l\u00e9gation russe \u00e0 \u00ab\u00a0Art en Capital\u00a0\u00bb au Grand Palais. C&rsquo;est une belle soci\u00e9t\u00e9 russe nomm\u00e9e parmi 100 meilleurs produits de Russie fabrique des pinceaux\u00a0 d&rsquo;art de qualit\u00e9 artisanale superieure. <a href=\"https:\/\/galeriedeparis.fr\/wp3_af\/wp-content\/uploads\/2021\/01\/pinceaux-roubloff381.jpg\"><img loading=\"lazy\" decoding=\"async\" class=\"size-medium wp-image-2660 alignright\" src=\"https:\/\/galeriedeparis.fr\/wp3_af\/wp-content\/uploads\/2021\/01\/pinceaux-roubloff381-300x201.jpg\" alt=\"\" width=\"300\" height=\"201\" srcset=\"https:\/\/galeriedeparis.fr\/wp3_af\/wp-content\/uploads\/2021\/01\/pinceaux-roubloff381-300x201.jpg 300w, https:\/\/galeriedeparis.fr\/wp3_af\/wp-content\/uploads\/2021\/01\/pinceaux-roubloff381-768x514.jpg 768w, https:\/\/galeriedeparis.fr\/wp3_af\/wp-content\/uploads\/2021\/01\/pinceaux-roubloff381-1024x685.jpg 1024w\" sizes=\"auto, (max-width: 300px) 100vw, 300px\" \/><\/a><\/h3>\n<p>Dans la foul\u00e9e de notre pr\u00e9mier contact j &lsquo;ai trouv\u00e9 pour eux\u00a0 la soci\u00e9t\u00e9 fran\u00e7aise qui a sign\u00e9 le contrat de repr\u00e9sentant c&rsquo;est On Line International,\u00a0 le site de vente en ligne en fran\u00e7ais \u00e9tait cr\u00e9\u00e9 et fonctionne d\u00e9j\u00e0\u00a0 tr\u00e8s bien<br \/>\n<strong>C&rsquo;est <a href=\"https:\/\/roubloff-france.fr\/Roubloff\/\" target=\"_blank\" rel=\"noopener\">https:\/\/roubloff-france.fr\/Roubloff\/<\/a>.<\/strong><\/p>\n<p>Vous pouvez aussi les suivre sur<a href=\"https:\/\/www.instagram.com\/roubloff_france\/\" target=\"_blank\" rel=\"noopener\"> @roubloff_france<\/a><a href=\"https:\/\/www.instagram.com\/roubloff_france\/\" target=\"_blank\" rel=\"noopener\"><img loading=\"lazy\" decoding=\"async\" class=\"wp-image-2709 alignright\" src=\"https:\/\/galeriedeparis.fr\/wp3_af\/wp-content\/uploads\/2021\/01\/logoinstagram-300x291.png\" alt=\"\" width=\"133\" height=\"129\" srcset=\"https:\/\/galeriedeparis.fr\/wp3_af\/wp-content\/uploads\/2021\/01\/logoinstagram-300x291.png 300w, https:\/\/galeriedeparis.fr\/wp3_af\/wp-content\/uploads\/2021\/01\/logoinstagram-768x745.png 768w, https:\/\/galeriedeparis.fr\/wp3_af\/wp-content\/uploads\/2021\/01\/logoinstagram.png 1024w\" sizes=\"auto, (max-width: 133px) 100vw, 133px\" \/><\/a><\/p>\n<p>On Line International officilise les ventes, il commande les pinceaux, les importe, dedouane et vend en gros et au d\u00e9tail,<br \/>\nJe reste aussi \u00e0\u00a0 votre dispostion pour \u00e9laborer des offres exclusives &#8211; collections personnalis\u00e9es pour vous, artistes, vos \u00e9coles d&rsquo;art, magasins, ateliers.<\/p>\n<p>A noter que \u00ab\u00a0Roubloff \u00ab\u00a0poss\u00e8de aussi une gamme \u00ab\u00a0leasure\u00a0\u00bb, nails\u00a0\u00bb et \u00ab\u00a0beauty\u00a0\u00bb, de qualit\u00e9 artisanale qu&rsquo;on commence \u00e0 explorer.<br \/>\nSi vous etes int\u00e9ress\u00e9(e)\u00a0 ou avez des contacts dans ce domaine,\u00a0 merci d&rsquo;avance pour la mise en relation !<\/p>\n<h2><strong>Bonne nouvelle : \u00e0 partir du mois de septembre vous pourrez decouvrir, tester et acheter ses pinceaux dans le tout nouveau show room permanent situ\u00e9<br \/>\n<\/strong><\/h2>\n<h2><strong>\u00a0la boutique 82 plage de Lugano, Village<a href=\"https:\/\/www.google.com\/maps\/place\/Le+village+Suisse\/@48.8517761,2.2296075,12z\/data=!4m9!1m2!2m1!1splace+de+lugano+75015!3m5!1s0x47e6712eec6e2ac5:0xcc23caff51d79fbc!8m2!3d48.8517909!4d2.2996671!15sChVwbGFjZSBkZSBsdWdhbm8gNzUwMTVaFyIVcGxhY2UgZGUgbHVnYW5vIDc1MDE1kgENYW50aXF1ZV9zdG9yZQ\" target=\"_blank\" rel=\"noopener\"> Village Suisse 75015 Paris<\/a><br \/>\n<\/strong><\/h2>\n<p>et donc pour ccheter ces\u00a0 formidable pinceaux en ligne des maintenant<br \/>\nchez\u00a0 :\u00a0<a href=\"http:\/\/www.onlineinternational.fr\" target=\"_blank\" rel=\"noopener\"> ici<\/a><\/p>\n<p>&nbsp;<\/p>\n<p>&nbsp;<\/p>\n<p>&nbsp;<\/p>\n","protected":false},"excerpt":{"rendered":"<p>\u00a0 Depuis f\u00e9vrier 2020 certains parmi vous ont eu l&rsquo;occasion de les d\u00e9couvrir sur le stand de ma d\u00e9l\u00e9gation russe \u00e0 \u00ab\u00a0Art en Capital\u00a0\u00bb au Grand Palais. C&rsquo;est une belle soci\u00e9t\u00e9 russe nomm\u00e9e parmi 100 meilleurs produits de Russie fabrique des pinceaux\u00a0 d&rsquo;art de qualit\u00e9 artisanale superieure. Dans la foul\u00e9e de notre pr\u00e9mier contact j &hellip; <\/p>\n<p class=\"link-more\"><a href=\"https:\/\/galeriedeparis.fr\/wp3_af\/?page_id=2678\" class=\"more-link\">Continuer la lecture<span class=\"screen-reader-text\"> de &laquo;&nbsp;Ambassadeur officiel de la marque des pinceaux \u00ab\u00a0Roubloff \u00a0\u00bb en France&nbsp;&raquo;<\/span><\/a><\/p>\n","protected":false},"author":2,"featured_media":0,"parent":0,"menu_order":0,"comment_status":"closed","ping_status":"closed","template":"","meta":{"footnotes":""},"class_list":["post-2678","page","type-page","status-publish","hentry"],"_links":{"self":[{"href":"https:\/\/galeriedeparis.fr\/wp3_af\/index.php?rest_route=\/wp\/v2\/pages\/2678","targetHints":{"allow":["GET"]}}],"collection":[{"href":"https:\/\/galeriedeparis.fr\/wp3_af\/index.php?rest_route=\/wp\/v2\/pages"}],"about":[{"href":"https:\/\/galeriedeparis.fr\/wp3_af\/index.php?rest_route=\/wp\/v2\/types\/page"}],"author":[{"embeddable":true,"href":"https:\/\/galeriedeparis.fr\/wp3_af\/index.php?rest_route=\/wp\/v2\/users\/2"}],"replies":[{"embeddable":true,"href":"https:\/\/galeriedeparis.fr\/wp3_af\/index.php?rest_route=%2Fwp%2Fv2%2Fcomments&post=2678"}],"version-history":[{"count":19,"href":"https:\/\/galeriedeparis.fr\/wp3_af\/index.php?rest_route=\/wp\/v2\/pages\/2678\/revisions"}],"predecessor-version":[{"id":3084,"href":"https:\/\/galeriedeparis.fr\/wp3_af\/index.php?rest_route=\/wp\/v2\/pages\/2678\/revisions\/3084"}],"wp:attachment":[{"href":"https:\/\/galeriedeparis.fr\/wp3_af\/index.php?rest_route=%2Fwp%2Fv2%2Fmedia&parent=2678"}],"curies":[{"name":"wp","href":"https:\/\/api.w.org\/{rel}","templated":true}]}}